{"id":3,"date":"2021-11-03T23:53:39","date_gmt":"2021-11-03T23:53:39","guid":{"rendered":"http:\/\/evergreenamdigital.com.au\/kalynacare\/?page_id=3"},"modified":"2021-12-08T02:49:54","modified_gmt":"2021-12-08T02:49:54","slug":"privacy-policy","status":"publish","type":"page","link":"https:\/\/kalynacare.com.au\/es\/privacy-policy\/","title":{"rendered":"Pol\u00edtica de privacidad"},"content":{"rendered":"<div data-elementor-type=\"wp-page\" data-elementor-id=\"3\" class=\"elementor elementor-3\" data-elementor-post-type=\"page\">\n\t\t\t\t\t\t<section class=\"elementor-section elementor-top-section elementor-element elementor-element-45a89c85 elementor-section-boxed elementor-section-height-default elementor-section-height-default\" data-id=\"45a89c85\" data-element_type=\"section\" data-e-type=\"section\">\n\t\t\t\t\t\t<div class=\"elementor-container elementor-column-gap-default\">\n\t\t\t\t\t<div class=\"elementor-column elementor-col-100 elementor-top-column elementor-element elementor-element-1c3e1980\" data-id=\"1c3e1980\" data-element_type=\"column\" data-e-type=\"column\">\n\t\t\t<div class=\"elementor-widget-wrap elementor-element-populated\">\n\t\t\t\t\t\t<div class=\"elementor-element elementor-element-d32565b elementor-widget elementor-widget-heading\" data-id=\"d32565b\" data-element_type=\"widget\" data-e-type=\"widget\" data-widget_type=\"heading.default\">\n\t\t\t\t<div class=\"elementor-widget-container\">\n\t\t\t\t\t<h1 class=\"elementor-heading-title elementor-size-default\">Pol\u00edtica de privacidad<\/h1>\t\t\t\t<\/div>\n\t\t\t\t<\/div>\n\t\t\t\t<div class=\"elementor-element elementor-element-50d59a14 elementor-widget elementor-widget-text-editor\" data-id=\"50d59a14\" data-element_type=\"widget\" data-e-type=\"widget\" data-widget_type=\"text-editor.default\">\n\t\t\t\t<div class=\"elementor-widget-container\">\n\t\t\t\t\t\t\t\t\t<p>Esta Pol\u00edtica de privacidad explica c\u00f3mo Kalyna Care manejar\u00e1 su informaci\u00f3n personal y la de otras personas.<\/p><p><strong>Informacion personal<\/strong><\/p><p>La informaci\u00f3n personal recopilada puede incluir su nombre, direcci\u00f3n, fecha de nacimiento, sexo, direcci\u00f3n de correo electr\u00f3nico, n\u00famero de tel\u00e9fono, alg\u00fan historial m\u00e9dico, informaci\u00f3n sobre sus enfermedades, s\u00edntomas, discapacidades, su origen \u00e9tnico y pr\u00e1ctica sexual (si es relevante para su salud o su provisi\u00f3n de los servicios) y cualquier otra informaci\u00f3n necesaria para que podamos proporcionarle:<\/p><p>(a) informaci\u00f3n o servicios relacionados con el cuidado de personas mayores;<\/p><p>(b) un servicio de salud (incluido un servicio de salud asociado); y \/ o<\/p><p>(c) un proveedor de servicios de atenci\u00f3n a personas mayores (denominados colectivamente &quot;Servicios&quot;).<\/p><p>Parte de la informaci\u00f3n recopilada, como la informaci\u00f3n de salud, ser\u00e1 &quot;informaci\u00f3n confidencial&quot; seg\u00fan la definici\u00f3n de la Ley de privacidad.<\/p><p><strong>\u00bfC\u00f3mo recopilamos su informaci\u00f3n personal?<\/strong><\/p><p>La informaci\u00f3n personal se puede recopilar cuando usted, o alguien en su nombre, se comunica con Kalyna Care para acceder o solicitar informaci\u00f3n sobre los servicios, enviar un correo electr\u00f3nico, fax, carta o completar un formulario en l\u00ednea o en papel.<\/p><p>Al proporcionarnos su informaci\u00f3n personal (incluida cualquier informaci\u00f3n confidencial sobre usted, por ejemplo, informaci\u00f3n sobre su salud y detalles m\u00e9dicos), usted acepta que Kalyna Care recopile, use, divulgue y maneje esa informaci\u00f3n como se describe en esta Pol\u00edtica de privacidad. A continuaci\u00f3n, encontrar\u00e1 m\u00e1s informaci\u00f3n sobre a qui\u00e9n divulgamos informaci\u00f3n.<\/p><p>Kalyna Care tambi\u00e9n puede registrar informaci\u00f3n sobre los servicios de salud que se le proporcionar\u00e1n en el futuro o sus deseos sobre la prestaci\u00f3n de servicios en el futuro.<\/p><p>Kalyna Care puede recopilar informaci\u00f3n personal sobre usted de un tercero para brindarle los servicios que necesita o para actualizar sus datos. Por ejemplo, esto puede ser de un m\u00e9dico de cabecera,<span class=\"Apple-converted-space\">\u00a0 <\/span>un evaluador o cualquier otro profesional de la salud que lo refiera para una evaluaci\u00f3n o servicios de atenci\u00f3n para ancianos. Kalyna Care tambi\u00e9n puede recopilar informaci\u00f3n sobre usted de un familiar, amigo u otra persona que se comunique con nosotros en su nombre.<\/p><p>Si Kalyna Care recopila su informaci\u00f3n personal de otra persona, se tomar\u00e1n medidas razonables para:<\/p><ul><li>confirmar que ha dado su consentimiento para que recopilemos su informaci\u00f3n personal; y<\/li><li>informarle que se recopilar\u00e1 informaci\u00f3n personal (incluida la notificaci\u00f3n de ciertos otros asuntos bajo la ley de privacidad).<\/li><li>Si nos divulga la informaci\u00f3n personal de otra persona (por ejemplo, informaci\u00f3n confidencial sobre la salud y los detalles m\u00e9dicos de otra persona), al proporcionarnos esa informaci\u00f3n personal, acepta que:<\/li><li>ha llamado la atenci\u00f3n de esa persona sobre esta Pol\u00edtica de privacidad;<\/li><li>esa persona ha aceptado que usted nos proporcione su informaci\u00f3n personal; y<\/li><li>esa persona comprende y acepta que podemos usar, divulgar y administrar su informaci\u00f3n personal como se describe en esta Pol\u00edtica de privacidad.<\/li><\/ul><p>Si se comunica con Kalyna Care en nombre de otra persona, tambi\u00e9n recopilaremos cierta informaci\u00f3n personal sobre usted, incluido su nombre, datos de contacto y su relaci\u00f3n con la persona a la que se refiere.<\/p><p><strong>\u00bfQu\u00e9 haremos con su informaci\u00f3n personal?<\/strong><\/p><p>Kalyna Care recopilar\u00e1, conservar\u00e1, utilizar\u00e1 y divulgar\u00e1 informaci\u00f3n personal por motivos que incluyen:<\/p><p>organizar, facilitar o ayudar en la prestaci\u00f3n de los Servicios, incluida la gesti\u00f3n de quejas relacionadas con la prestaci\u00f3n de los Servicios (que pueden incluir, entre otros, quejas de privacidad o quejas presentadas a la Comisi\u00f3n de Seguridad y Calidad de la Atenci\u00f3n para Ancianos) proporcionando informaci\u00f3n sobre el apoyo y el acceso a los servicios de atenci\u00f3n y apoyo pertinentes para los australianos mayores que cumplen con nuestras obligaciones legales.<\/p><p><strong>Con qui\u00e9n se puede compartir su informaci\u00f3n personal<\/strong><\/p><p>Tambi\u00e9n podemos compartir su informaci\u00f3n con su familiar, amigo u otra persona que le brinde atenci\u00f3n (si est\u00e1n autorizados a recibir su informaci\u00f3n personal). Podemos divulgar su informaci\u00f3n personal a alguien que est\u00e9 autorizado para llevar a cabo sus asuntos si queda incapacitado.<\/p><p>Kalyna Care compartir\u00e1 informaci\u00f3n relevante con los servicios de salud y \/ o los organismos gubernamentales en caso de un desastre de salud nacional o jurisdiccional para que se pueda brindar una respuesta de salud adecuada.<\/p><p>Kalyna Care puede comunicarse con usted para recibir comentarios sobre su satisfacci\u00f3n con los Servicios. Su direcci\u00f3n de correo electr\u00f3nico solo se utilizar\u00e1 para el prop\u00f3sito para el que la ha proporcionado.<\/p><p>Kalyna Care no lo agregar\u00e1 a ninguna lista de correo sin su consentimiento y no usar\u00e1 ni divulgar\u00e1 su direcci\u00f3n de correo electr\u00f3nico para ning\u00fan otro prop\u00f3sito sin su consentimiento, a menos que lo autorice o exija la ley.<\/p><p>Kalyna Care generalmente no divulgar\u00e1 su informaci\u00f3n personal a nadie excepto como se describe en esta pol\u00edtica de privacidad sin su consentimiento.<\/p><p>Kalyna Care tambi\u00e9n puede divulgar su informaci\u00f3n personal si:<\/p><ul><li>estamos autorizados o obligados por ley a divulgarlo.<span class=\"Apple-converted-space\">\u00a0<\/span><\/li><li>Evitar\u00e1 o reducir\u00e1 una amenaza grave para la vida, la salud o la seguridad de una persona o una amenaza para la salud o la seguridad p\u00fablicas.<\/li><li>Se requiere para la vigilancia de la salud p\u00fablica donde los s\u00edntomas se mapean geogr\u00e1ficamente para ver si surgen patrones como un sistema de alerta temprana que identifica epidemias.<\/li><li>es necesario como parte del establecimiento o defensa de un reclamo legal<\/li><li>es solicitado por una agencia de ejecuci\u00f3n como la polic\u00eda<\/li><li>es una parte necesaria de una investigaci\u00f3n despu\u00e9s de una denuncia o incidente<\/li><li>hay un cambio de proveedor de servicios del sitio web, en cuyo caso podemos divulgar su informaci\u00f3n personal a un nuevo proveedor de servicios similar.<\/li><\/ul><p>Cuando divulgamos su informaci\u00f3n personal a terceros, hacemos todos los esfuerzos razonables para asegurarnos de divulgar solo informaci\u00f3n relevante y que sea precisa, completa y actualizada.<\/p><p>No venderemos ni alquilaremos su informaci\u00f3n personal a nadie y no transferiremos su informaci\u00f3n al extranjero a menos que usted nos lo solicite.<\/p><p><strong>\u00bfC\u00f3mo protegemos tu informaci\u00f3n personal?<\/strong><\/p><p>Kalyna Care cuenta con sistemas y procedimientos para proteger su informaci\u00f3n personal del uso indebido y la p\u00e9rdida, y del acceso, modificaci\u00f3n o divulgaci\u00f3n no autorizados.<\/p><p>El sitio web ha sido probado a un nivel avanzado de seguridad del sitio. Sin embargo, se advierte a los usuarios que existen riesgos inherentes en la transmisi\u00f3n de informaci\u00f3n a trav\u00e9s de Internet, incluido el riesgo de que la informaci\u00f3n enviada hacia o desde un sitio web pueda ser interceptada, corrompida o modificada por terceros. Si tiene alguna inquietud sobre la seguridad o si desea proporcionar informaci\u00f3n personal por otros medios (por ejemplo, por tel\u00e9fono o en papel), puede comunicarse con Kalyna Care al 03 9116 4100.<\/p><p><strong>\u00bfC\u00f3mo almacenamos y mantenemos su informaci\u00f3n personal?<\/strong><\/p><p>Kalyna Care cuenta con procesos para garantizar que los registros de su informaci\u00f3n personal sigan siendo precisos, completos y actualizados, incluso mediante la verificaci\u00f3n de la informaci\u00f3n con usted cada vez que utilice los Servicios y de otras fuentes.<\/p><p>Si se entera de que la informaci\u00f3n personal que tenemos sobre usted es inexacta, incompleta o no est\u00e1 actualizada, comun\u00edquese con Kalyna Care para que podamos actualizar nuestros registros de inmediato.<\/p><p><strong>\u00bfC\u00f3mo puede acceder y corregir su informaci\u00f3n personal?<\/strong><\/p><p>Puede solicitar acceder y \/ o corregir su informaci\u00f3n personal comunic\u00e1ndose con Kalyna Care<\/p><p>Es posible que Kalyna Care no pueda brindarle una copia de su informaci\u00f3n personal si:<\/p><ul><li>se proporcion\u00f3 de forma an\u00f3nima;<\/li><li>si la informaci\u00f3n contiene detalles sobre otras personas; o<\/li><li>si no ser\u00eda seguro proporcionar la informaci\u00f3n personal porque podr\u00eda causar da\u00f1o a otra persona.<\/li><\/ul><p><strong>Anal\u00edtica<\/strong><\/p><p>Para mejorar su experiencia en nuestro sitio, podemos utilizar &quot;cookies&quot;. Las cookies son un est\u00e1ndar de la industria y la mayor\u00eda de los sitios web las utilizan.<\/p><p>Cuando visita este sitio, Kalyna Care hace un registro de su visita y registra la siguiente informaci\u00f3n con fines estad\u00edsticos o de administraci\u00f3n de sistemas:<\/p><ul><li>la direcci\u00f3n del servidor del usuario<\/li><li>el nombre de dominio de nivel superior del usuario<\/li><li>la fecha y hora de acceso al sitio<\/li><li>p\u00e1ginas visitadas y documentos descargados<\/li><li>el sitio anterior visitado<\/li><li>tipo de navegador utilizado<\/li><\/ul><p>Esta informaci\u00f3n se analiza para mostrar enlaces rotos en nuestro sitio web, cuellos de botella y otros problemas del sitio. Usamos esta informaci\u00f3n para mantener nuestro sitio para su uso eficiente.<span class=\"Apple-converted-space\">\u00a0<\/span><\/p><p>Kalyna Care utiliza cookies para mantener el contacto con un usuario a trav\u00e9s de una sesi\u00f3n en el sitio web. Una cookie es un peque\u00f1o archivo proporcionado por Kalyna Care y almacenado por el software del navegador web en su computadora cuando accede a nuestro sitio. Las cookies nos permiten reconocerlo como un usuario web individual, mientras navega por nuestro sitio web.<\/p><p><strong>Privacidad de las cookies<\/strong><\/p><p>No se intentar\u00e1 identificar a los usuarios o sus actividades de navegaci\u00f3n a menos que est\u00e9 legalmente obligado a hacerlo, como en el caso de una investigaci\u00f3n, donde una agencia de aplicaci\u00f3n de la ley puede ejercer una orden judicial para inspeccionar los archivos de registro del Proveedor de servicios de Internet.<\/p><p>Nuestro sitio web utiliza Google Analytics, un servicio que transmite datos de tr\u00e1fico del sitio web a los servidores de Google en los Estados Unidos. Google Analytics no identifica a los usuarios individuales ni asocia su direcci\u00f3n IP con ning\u00fan otro dato que tenga Google. Usamos informes proporcionados por Google Analytics para ayudarnos a comprender el tr\u00e1fico del sitio web y el uso de la p\u00e1gina web.<\/p><p>Al utilizar este sitio web, usted da su consentimiento para que Google procese sus datos de la manera descrita en la pol\u00edtica de privacidad de Google (sitio externo) y para los fines establecidos anteriormente. Puede optar por no participar en Google Analytics si deshabilita o rechaza la cookie, deshabilita JavaScript o utiliza el servicio de exclusi\u00f3n voluntaria proporcionado por Google (sitio externo).<\/p><p><strong>Cont\u00e1ctenos<\/strong><\/p><p>Si tiene ideas sobre c\u00f3mo podemos mejorar el contenido y la usabilidad de este sitio web, o tiene una queja o inquietud sobre la privacidad, puede comunicarse con nosotros a trav\u00e9s de la p\u00e1gina Cont\u00e1ctenos.<\/p><p>Elaborado a partir del 22.11.2021.<\/p>\t\t\t\t\t\t\t\t<\/div>\n\t\t\t\t<\/div>\n\t\t\t\t\t<\/div>\n\t\t<\/div>\n\t\t\t\t\t<\/div>\n\t\t<\/section>\n\t\t\t\t<\/div>","protected":false},"excerpt":{"rendered":"<p>Privacy Policy This Privacy Policy explains how Kalyna Care will handle your, and other people\u2019s, personal information. Personal information Personal information collected may include your name, address, date of birth, gender, email address, phone number, some medical history, information about your illnesses, symptoms, disabilities, your ethnic background and sexual practice (if relevant to your health [&hellip;]<\/p>\n","protected":false},"author":1,"featured_media":2705,"parent":0,"menu_order":0,"comment_status":"closed","ping_status":"open","template":"","meta":{"_seopress_robots_primary_cat":"","_seopress_titles_title":"","_seopress_titles_desc":"This Privacy Policy explains how Kalyna Care will handle your, and other people\u2019s, personal information.","_seopress_robots_index":"","footnotes":""},"class_list":["post-3","page","type-page","status-publish","has-post-thumbnail","hentry"],"_links":{"self":[{"href":"https:\/\/kalynacare.com.au\/es\/wp-json\/wp\/v2\/pages\/3","targetHints":{"allow":["GET"]}}],"collection":[{"href":"https:\/\/kalynacare.com.au\/es\/wp-json\/wp\/v2\/pages"}],"about":[{"href":"https:\/\/kalynacare.com.au\/es\/wp-json\/wp\/v2\/types\/page"}],"author":[{"embeddable":true,"href":"https:\/\/kalynacare.com.au\/es\/wp-json\/wp\/v2\/users\/1"}],"replies":[{"embeddable":true,"href":"https:\/\/kalynacare.com.au\/es\/wp-json\/wp\/v2\/comments?post=3"}],"version-history":[{"count":5,"href":"https:\/\/kalynacare.com.au\/es\/wp-json\/wp\/v2\/pages\/3\/revisions"}],"predecessor-version":[{"id":3670,"href":"https:\/\/kalynacare.com.au\/es\/wp-json\/wp\/v2\/pages\/3\/revisions\/3670"}],"wp:featuredmedia":[{"embeddable":true,"href":"https:\/\/kalynacare.com.au\/es\/wp-json\/wp\/v2\/media\/2705"}],"wp:attachment":[{"href":"https:\/\/kalynacare.com.au\/es\/wp-json\/wp\/v2\/media?parent=3"}],"curies":[{"name":"wp","href":"https:\/\/api.w.org\/{rel}","templated":true}]}}