{"id":14,"date":"2021-11-04T00:46:50","date_gmt":"2021-11-04T00:46:50","guid":{"rendered":"http:\/\/evergreenamdigital.com.au\/kalynacare\/?page_id=14"},"modified":"2023-05-29T09:39:46","modified_gmt":"2023-05-28T23:39:46","slug":"feedback","status":"publish","type":"page","link":"https:\/\/kalynacare.com.au\/hr\/feedback\/","title":{"rendered":"Povratne informacije"},"content":{"rendered":"\t\t<div data-elementor-type=\"wp-page\" data-elementor-id=\"14\" class=\"elementor elementor-14\" data-elementor-post-type=\"page\">\n\t\t\t\t\t\t<section class=\"elementor-section elementor-top-section elementor-element elementor-element-4aeb55b elementor-section-boxed elementor-section-height-default elementor-section-height-default\" data-id=\"4aeb55b\" data-element_type=\"section\" data-e-type=\"section\" data-settings=\"{&quot;background_background&quot;:&quot;classic&quot;}\">\n\t\t\t\t\t\t<div class=\"elementor-container elementor-column-gap-wider\">\n\t\t\t\t\t<div class=\"elementor-column elementor-col-100 elementor-top-column elementor-element elementor-element-6976457\" data-id=\"6976457\" data-element_type=\"column\" data-e-type=\"column\">\n\t\t\t<div class=\"elementor-widget-wrap elementor-element-populated\">\n\t\t\t\t\t\t<section class=\"elementor-section elementor-inner-section elementor-element elementor-element-38657f8 elementor-section-boxed elementor-section-height-default elementor-section-height-default\" data-id=\"38657f8\" data-element_type=\"section\" data-e-type=\"section\">\n\t\t\t\t\t\t<div class=\"elementor-container elementor-column-gap-default\">\n\t\t\t\t\t<div class=\"elementor-column elementor-col-100 elementor-inner-column elementor-element elementor-element-e867272\" data-id=\"e867272\" data-element_type=\"column\" data-e-type=\"column\">\n\t\t\t<div class=\"elementor-widget-wrap elementor-element-populated\">\n\t\t\t\t\t\t<div class=\"elementor-element elementor-element-e5e4f88 elementor-widget elementor-widget-heading\" data-id=\"e5e4f88\" data-element_type=\"widget\" data-e-type=\"widget\" data-widget_type=\"heading.default\">\n\t\t\t\t<div class=\"elementor-widget-container\">\n\t\t\t\t\t<h1 class=\"elementor-heading-title elementor-size-default\">Feedback<\/h1>\t\t\t\t<\/div>\n\t\t\t\t<\/div>\n\t\t\t\t\t<\/div>\n\t\t<\/div>\n\t\t\t\t\t<\/div>\n\t\t<\/section>\n\t\t\t\t\t<\/div>\n\t\t<\/div>\n\t\t\t\t\t<\/div>\n\t\t<\/section>\n\t\t\t\t<section class=\"elementor-section elementor-top-section elementor-element elementor-element-f90bd33 elementor-section-boxed elementor-section-height-default elementor-section-height-default\" data-id=\"f90bd33\" data-element_type=\"section\" data-e-type=\"section\" data-settings=\"{&quot;background_background&quot;:&quot;classic&quot;}\">\n\t\t\t\t\t\t<div class=\"elementor-container elementor-column-gap-wide\">\n\t\t\t\t\t<div class=\"elementor-column elementor-col-33 elementor-top-column elementor-element elementor-element-752eaf0\" data-id=\"752eaf0\" data-element_type=\"column\" data-e-type=\"column\">\n\t\t\t<div class=\"elementor-widget-wrap elementor-element-populated\">\n\t\t\t\t\t\t<section class=\"elementor-section elementor-inner-section elementor-element elementor-element-9f1bb77 elementor-section-boxed elementor-section-height-default elementor-section-height-default\" data-id=\"9f1bb77\" data-element_type=\"section\" data-e-type=\"section\" data-settings=\"{&quot;sticky&quot;:&quot;top&quot;,&quot;sticky_offset&quot;:60,&quot;sticky_parent&quot;:&quot;yes&quot;,&quot;sticky_on&quot;:[&quot;desktop&quot;,&quot;tablet&quot;,&quot;mobile&quot;],&quot;sticky_effects_offset&quot;:0,&quot;sticky_anchor_link_offset&quot;:0}\">\n\t\t\t\t\t\t<div class=\"elementor-container elementor-column-gap-default\">\n\t\t\t\t\t<div class=\"elementor-column elementor-col-100 elementor-inner-column elementor-element elementor-element-dbe988a\" data-id=\"dbe988a\" data-element_type=\"column\" data-e-type=\"column\" data-settings=\"{&quot;background_background&quot;:&quot;classic&quot;}\">\n\t\t\t<div class=\"elementor-widget-wrap elementor-element-populated\">\n\t\t\t\t\t\t<div class=\"elementor-element elementor-element-7dcc956 animated-slow elementor-view-default elementor-invisible elementor-widget elementor-widget-icon\" data-id=\"7dcc956\" data-element_type=\"widget\" data-e-type=\"widget\" data-settings=\"{&quot;_animation&quot;:&quot;zoomIn&quot;,&quot;_animation_delay&quot;:200}\" data-widget_type=\"icon.default\">\n\t\t\t\t<div class=\"elementor-widget-container\">\n\t\t\t\t\t\t\t<div class=\"elementor-icon-wrapper\">\n\t\t\t<div class=\"elementor-icon\">\n\t\t\t<svg xmlns=\"http:\/\/www.w3.org\/2000\/svg\" id=\"Layer_1\" data-name=\"Layer 1\" viewBox=\"0 0 512 512\"><defs><style>.cls-1{fill:#f04224;}<\/style><\/defs><polygon class=\"cls-1\" points=\"462.36 241.64 462.36 241.63 462.36 213.8 434.83 213.8 434.83 185.98 407.31 185.98 407.31 158.15 379.78 158.15 379.78 130.32 352.26 130.32 352.26 158.15 352.26 185.98 379.78 185.98 379.78 213.8 352.26 213.8 352.26 241.63 352.26 269.46 352.26 297.29 379.78 297.29 379.78 269.46 407.31 269.46 407.31 241.63 379.78 241.63 379.78 213.81 407.31 213.81 407.31 241.63 434.83 241.63 434.83 269.46 407.31 269.46 407.31 297.29 379.78 297.29 379.78 325.12 352.26 325.12 352.26 352.95 352.26 380.78 379.78 380.78 379.78 352.95 407.31 352.95 407.31 325.12 434.83 325.12 434.83 297.29 462.36 297.29 462.36 269.46 489.88 269.46 489.88 241.64 462.36 241.64\"><\/polygon><polygon class=\"cls-1\" points=\"324.73 269.46 352.26 269.46 352.26 241.63 324.73 241.63 297.21 241.63 297.21 269.46 324.73 269.46\"><\/polygon><polygon class=\"cls-1\" points=\"297.21 185.98 269.68 185.98 269.68 213.8 269.68 213.81 269.68 241.63 297.21 241.63 297.21 213.81 324.73 213.81 324.73 185.98 324.73 158.15 297.21 158.15 297.21 185.98\"><\/polygon><polygon class=\"cls-1\" points=\"324.73 74.66 297.21 74.66 269.68 74.66 269.68 102.49 297.21 102.49 297.21 130.32 324.73 130.32 324.73 158.15 352.26 158.15 352.26 130.32 352.26 102.49 324.73 102.49 324.73 74.66\"><\/polygon><rect class=\"cls-1\" x=\"242.17\" y=\"19\" width=\"27.53\" height=\"27.82\"><\/rect><path class=\"cls-1\" d=\"M297.21,380.78v27.83H269.68v27.83H242.17V408.61h27.51V380.78h27.53V353H269.68V325.12H242.17V269.46h27.51V241.63H242.17V213.81h0V186h27.51V158.15h27.53V130.32H269.68V102.49H242.17V74.66h-55v27.83H159.6v27.83H132.07v27.83H104.54V186H77V213.8H49.49v27.83H22v27.82H49.49v27.83H77v27.83h27.52V353h27.53v27.83H159.6v27.83h27.52v27.83h27.53v27.83h27.52V492.1H269.7V464.27h27.51V436.44h27.52V408.61h27.53V353H324.73v27.83Zm-110.09,0V353H159.6V325.12H132.07V297.29H104.54V269.46H77V241.63h27.52V213.81h27.53v27.82H104.54v27.83h27.53v27.83H159.6V269.46h55.05V241.63H159.6V213.8H132.07V186H159.6V158.15h27.52V130.32h27.53V102.49h27.51v27.83H214.65v27.83h27.51V186H214.65V158.15H187.12v55.66h27.53v27.82h27.51v27.83H214.65v27.83H187.12V353h27.53V325.12h27.51V353H214.65v27.83h27.51v27.83H214.65V380.78Z\"><\/path><polygon class=\"cls-1\" points=\"269.68 297.29 269.68 325.12 297.21 325.12 297.21 352.95 324.73 352.95 324.73 325.12 324.73 297.29 297.21 297.29 297.21 269.46 269.68 269.46 269.68 297.29\"><\/polygon><polygon class=\"cls-1\" points=\"242.17 74.66 269.68 74.66 297.21 74.66 297.21 46.83 269.68 46.83 242.17 46.83 242.16 46.83 214.65 46.83 214.65 74.66 242.16 74.66 242.17 74.66\"><\/polygon><\/svg>\t\t\t<\/div>\n\t\t<\/div>\n\t\t\t\t\t\t<\/div>\n\t\t\t\t<\/div>\n\t\t\t\t<div class=\"elementor-element elementor-element-50b6195 elementor-widget elementor-widget-heading\" data-id=\"50b6195\" data-element_type=\"widget\" data-e-type=\"widget\" data-widget_type=\"heading.default\">\n\t\t\t\t<div class=\"elementor-widget-container\">\n\t\t\t\t\t<h4 class=\"elementor-heading-title elementor-size-default\">Kalyna Care<\/h4>\t\t\t\t<\/div>\n\t\t\t\t<\/div>\n\t\t\t\t<div class=\"elementor-element elementor-element-7eb9117 elementor-align-center elementor-icon-list--layout-traditional elementor-list-item-link-full_width elementor-widget elementor-widget-icon-list\" data-id=\"7eb9117\" data-element_type=\"widget\" data-e-type=\"widget\" data-widget_type=\"icon-list.default\">\n\t\t\t\t<div class=\"elementor-widget-container\">\n\t\t\t\t\t\t\t<ul class=\"elementor-icon-list-items\">\n\t\t\t\t\t\t\t<li class=\"elementor-icon-list-item\">\n\t\t\t\t\t\t\t\t\t\t\t<a href=\"#location-map\">\n\n\t\t\t\t\t\t\t\t\t\t\t<span class=\"elementor-icon-list-text\">344 Taylors Road,<br>Delahey VIC 3037<\/span>\n\t\t\t\t\t\t\t\t\t\t\t<\/a>\n\t\t\t\t\t\t\t\t\t<\/li>\n\t\t\t\t\t\t\t\t<li class=\"elementor-icon-list-item\">\n\t\t\t\t\t\t\t\t\t\t\t<a href=\"tel:+61391164100\">\n\n\t\t\t\t\t\t\t\t\t\t\t<span class=\"elementor-icon-list-text\">Phone: +61 3 9116 4100<\/span>\n\t\t\t\t\t\t\t\t\t\t\t<\/a>\n\t\t\t\t\t\t\t\t\t<\/li>\n\t\t\t\t\t\t\t\t<li class=\"elementor-icon-list-item\">\n\t\t\t\t\t\t\t\t\t\t\t<a href=\"fax:+61391164101\">\n\n\t\t\t\t\t\t\t\t\t\t\t<span class=\"elementor-icon-list-text\">Fax: +61 3 9116 4101<\/span>\n\t\t\t\t\t\t\t\t\t\t\t<\/a>\n\t\t\t\t\t\t\t\t\t<\/li>\n\t\t\t\t\t\t<\/ul>\n\t\t\t\t\t\t<\/div>\n\t\t\t\t<\/div>\n\t\t\t\t\t<\/div>\n\t\t<\/div>\n\t\t\t\t\t<\/div>\n\t\t<\/section>\n\t\t\t\t\t<\/div>\n\t\t<\/div>\n\t\t\t\t<div class=\"elementor-column elementor-col-66 elementor-top-column elementor-element elementor-element-7e76fd1\" data-id=\"7e76fd1\" data-element_type=\"column\" data-e-type=\"column\">\n\t\t\t<div class=\"elementor-widget-wrap elementor-element-populated\">\n\t\t\t\t\t\t<section class=\"elementor-section elementor-inner-section elementor-element elementor-element-98552af elementor-section-boxed elementor-section-height-default elementor-section-height-default\" data-id=\"98552af\" data-element_type=\"section\" data-e-type=\"section\">\n\t\t\t\t\t\t<div class=\"elementor-container elementor-column-gap-default\">\n\t\t\t\t\t<div class=\"elementor-column elementor-col-100 elementor-inner-column elementor-element elementor-element-895dffd\" data-id=\"895dffd\" data-element_type=\"column\" data-e-type=\"column\">\n\t\t\t<div class=\"elementor-widget-wrap elementor-element-populated\">\n\t\t\t\t\t\t<div class=\"elementor-element elementor-element-40d7679 elementor-widget elementor-widget-menu-anchor\" data-id=\"40d7679\" data-element_type=\"widget\" data-e-type=\"widget\" data-widget_type=\"menu-anchor.default\">\n\t\t\t\t<div class=\"elementor-widget-container\">\n\t\t\t\t\t\t\t<div class=\"elementor-menu-anchor\" id=\"premium-room\"><\/div>\n\t\t\t\t\t\t<\/div>\n\t\t\t\t<\/div>\n\t\t\t\t<div class=\"elementor-element elementor-element-c539e33 elementor-widget elementor-widget-text-editor\" data-id=\"c539e33\" data-element_type=\"widget\" data-e-type=\"widget\" data-widget_type=\"text-editor.default\">\n\t\t\t\t<div class=\"elementor-widget-container\">\n\t\t\t\t\t\t\t\t\t<p>Your feedback is very important in assisting us to continually improve the care and support provided to our valued residents and staff.<\/p>\t\t\t\t\t\t\t\t<\/div>\n\t\t\t\t<\/div>\n\t\t\t\t<div class=\"elementor-element elementor-element-5329593 elementor-button-align-center elementor-widget elementor-widget-form\" data-id=\"5329593\" data-element_type=\"widget\" data-e-type=\"widget\" data-settings=\"{&quot;step_next_label&quot;:&quot;Next&quot;,&quot;step_previous_label&quot;:&quot;Previous&quot;,&quot;button_width&quot;:&quot;100&quot;,&quot;step_type&quot;:&quot;number_text&quot;,&quot;step_icon_shape&quot;:&quot;circle&quot;}\" data-widget_type=\"form.default\">\n\t\t\t\t<div class=\"elementor-widget-container\">\n\t\t\t\t\t\t\t<form class=\"elementor-form\" method=\"post\" name=\"Feedback\" aria-label=\"Feedback\">\n\t\t\t<input type=\"hidden\" name=\"post_id\" value=\"14\"\/>\n\t\t\t<input type=\"hidden\" name=\"form_id\" value=\"5329593\"\/>\n\t\t\t<input type=\"hidden\" name=\"referer_title\" value=\"\" \/>\n\n\t\t\t\n\t\t\t<div class=\"elementor-form-fields-wrapper elementor-labels-\">\n\t\t\t\t\t\t\t\t<div class=\"elementor-field-type-text elementor-field-group elementor-column elementor-field-group-name elementor-col-50 elementor-field-required\">\n\t\t\t\t\t\t\t\t\t\t\t\t<label for=\"form-field-name\" class=\"elementor-field-label elementor-screen-only\">\n\t\t\t\t\t\t\t\tFirst name\t\t\t\t\t\t\t<\/label>\n\t\t\t\t\t\t\t\t\t\t\t\t\t\t<input size=\"1\" type=\"text\" name=\"form_fields[name]\" id=\"form-field-name\" class=\"elementor-field elementor-size-md  elementor-field-textual\" placeholder=\"First name*\" required=\"required\">\n\t\t\t\t\t\t\t\t\t\t\t<\/div>\n\t\t\t\t\t\t\t\t<div class=\"elementor-field-type-text elementor-field-group elementor-column elementor-field-group-field_694854e elementor-col-50 elementor-field-required\">\n\t\t\t\t\t\t\t\t\t\t\t\t<label for=\"form-field-field_694854e\" class=\"elementor-field-label elementor-screen-only\">\n\t\t\t\t\t\t\t\tLast name\t\t\t\t\t\t\t<\/label>\n\t\t\t\t\t\t\t\t\t\t\t\t\t\t<input size=\"1\" type=\"text\" name=\"form_fields[field_694854e]\" id=\"form-field-field_694854e\" class=\"elementor-field elementor-size-md  elementor-field-textual\" placeholder=\"Last name*\" required=\"required\">\n\t\t\t\t\t\t\t\t\t\t\t<\/div>\n\t\t\t\t\t\t\t\t<div class=\"elementor-field-type-email elementor-field-group elementor-column elementor-field-group-email elementor-col-50 elementor-field-required\">\n\t\t\t\t\t\t\t\t\t\t\t\t<label for=\"form-field-email\" class=\"elementor-field-label elementor-screen-only\">\n\t\t\t\t\t\t\t\tEmail\t\t\t\t\t\t\t<\/label>\n\t\t\t\t\t\t\t\t\t\t\t\t\t\t<input size=\"1\" type=\"email\" name=\"form_fields[email]\" id=\"form-field-email\" class=\"elementor-field elementor-size-md  elementor-field-textual\" placeholder=\"Email*\" required=\"required\">\n\t\t\t\t\t\t\t\t\t\t\t<\/div>\n\t\t\t\t\t\t\t\t<div class=\"elementor-field-type-tel elementor-field-group elementor-column elementor-field-group-field_39b36ee elementor-col-50\">\n\t\t\t\t\t\t\t\t\t\t\t\t<label for=\"form-field-field_39b36ee\" class=\"elementor-field-label elementor-screen-only\">\n\t\t\t\t\t\t\t\tTelephone\t\t\t\t\t\t\t<\/label>\n\t\t\t\t\t\t\t\t<input size=\"1\" type=\"tel\" name=\"form_fields[field_39b36ee]\" id=\"form-field-field_39b36ee\" class=\"elementor-field elementor-size-md  elementor-field-textual\" placeholder=\"Telephone\" pattern=\"[0-9()#&amp;+*-=.]+\" title=\"Only numbers and phone characters (#, -, *, etc) are accepted.\">\n\n\t\t\t\t\t\t<\/div>\n\t\t\t\t\t\t\t\t<div class=\"elementor-field-type-html elementor-field-group elementor-column elementor-field-group-field_fbd91ac elementor-col-50\">\n\t\t\t\t\tI am providing feedback for*\t\t\t\t<\/div>\n\t\t\t\t\t\t\t\t<div class=\"elementor-field-type-select elementor-field-group elementor-column elementor-field-group-field_f689b98 elementor-col-50\">\n\t\t\t\t\t\t\t\t\t\t\t\t<label for=\"form-field-field_f689b98\" class=\"elementor-field-label elementor-screen-only\">\n\t\t\t\t\t\t\t\tFeedback for\t\t\t\t\t\t\t<\/label>\n\t\t\t\t\t\t\t\t<div class=\"elementor-field elementor-select-wrapper remove-before \">\n\t\t\t<div class=\"select-caret-down-wrapper\">\n\t\t\t\t<i aria-hidden=\"true\" class=\"eicon-caret-down\"><\/i>\t\t\t<\/div>\n\t\t\t<select name=\"form_fields[field_f689b98]\" id=\"form-field-field_f689b98\" class=\"elementor-field-textual elementor-size-md\">\n\t\t\t\t\t\t\t\t\t<option value=\"Please select\">Please select<\/option>\n\t\t\t\t\t\t\t\t\t<option value=\"Myself\">Myself<\/option>\n\t\t\t\t\t\t\t\t\t<option value=\"Someone else\">Someone else<\/option>\n\t\t\t\t\t\t\t<\/select>\n\t\t<\/div>\n\t\t\t\t\t\t<\/div>\n\t\t\t\t\t\t\t\t<div class=\"elementor-field-type-textarea elementor-field-group elementor-column elementor-field-group-message elementor-col-100\">\n\t\t\t\t\t\t\t\t\t\t\t\t<label for=\"form-field-message\" class=\"elementor-field-label elementor-screen-only\">\n\t\t\t\t\t\t\t\tFeedback\t\t\t\t\t\t\t<\/label>\n\t\t\t\t\t\t<textarea class=\"elementor-field-textual elementor-field  elementor-size-md\" name=\"form_fields[message]\" id=\"form-field-message\" rows=\"6\" placeholder=\"Please type your feedback here\"><\/textarea>\t\t\t\t<\/div>\n\t\t\t\t\t\t\t\t<div class=\"elementor-field-type-html elementor-field-group elementor-column elementor-field-group-field_59060b5 elementor-col-50\">\n\t\t\t\t\tDo you wish to be contacted?*\t\t\t\t<\/div>\n\t\t\t\t\t\t\t\t<div class=\"elementor-field-type-select elementor-field-group elementor-column elementor-field-group-field_29aa95b elementor-col-50\">\n\t\t\t\t\t\t\t\t\t\t\t\t<label for=\"form-field-field_29aa95b\" class=\"elementor-field-label elementor-screen-only\">\n\t\t\t\t\t\t\t\tDo you wish to be contacted\t\t\t\t\t\t\t<\/label>\n\t\t\t\t\t\t\t\t<div class=\"elementor-field elementor-select-wrapper remove-before \">\n\t\t\t<div class=\"select-caret-down-wrapper\">\n\t\t\t\t<i aria-hidden=\"true\" class=\"eicon-caret-down\"><\/i>\t\t\t<\/div>\n\t\t\t<select name=\"form_fields[field_29aa95b]\" id=\"form-field-field_29aa95b\" class=\"elementor-field-textual elementor-size-md\">\n\t\t\t\t\t\t\t\t\t<option value=\"Please select\">Please select<\/option>\n\t\t\t\t\t\t\t\t\t<option value=\"Yes\">Yes<\/option>\n\t\t\t\t\t\t\t\t\t<option value=\"No\">No<\/option>\n\t\t\t\t\t\t\t<\/select>\n\t\t<\/div>\n\t\t\t\t\t\t<\/div>\n\t\t\t\t\t\t\t\t<div class=\"elementor-field-type-recaptcha_v3 elementor-field-group elementor-column elementor-field-group-field_fe0b9f1 elementor-col-100 recaptcha_v3-inline\">\n\t\t\t\t\t<div class=\"elementor-field\" id=\"form-field-field_fe0b9f1\"><div class=\"elementor-g-recaptcha\" data-sitekey=\"6LcmaosdAAAAAH1xrFgGnWxjp-DzXMk2au0UNR1G\" data-type=\"v3\" data-action=\"Form\" data-badge=\"inline\" data-size=\"invisible\"><\/div><\/div>\t\t\t\t<\/div>\n\t\t\t\t\t\t\t\t<div class=\"elementor-field-group elementor-column elementor-field-type-submit elementor-col-100 e-form__buttons\">\n\t\t\t\t\t<button class=\"elementor-button elementor-size-sm elementor-animation-grow\" type=\"submit\">\n\t\t\t\t\t\t<span class=\"elementor-button-content-wrapper\">\n\t\t\t\t\t\t\t\t\t\t\t\t\t\t\t\t\t\t\t\t\t\t<span class=\"elementor-button-text\">Submit<\/span>\n\t\t\t\t\t\t\t\t\t\t\t\t\t<\/span>\n\t\t\t\t\t<\/button>\n\t\t\t\t<\/div>\n\t\t\t<\/div>\n\t\t<\/form>\n\t\t\t\t\t\t<\/div>\n\t\t\t\t<\/div>\n\t\t\t\t\t<\/div>\n\t\t<\/div>\n\t\t\t\t\t<\/div>\n\t\t<\/section>\n\t\t\t\t\t<\/div>\n\t\t<\/div>\n\t\t\t\t\t<\/div>\n\t\t<\/section>\n\t\t\t\t<section class=\"elementor-section elementor-top-section elementor-element elementor-element-082ef7e elementor-hidden-mobile elementor-section-boxed elementor-section-height-default elementor-section-height-default\" data-id=\"082ef7e\" data-element_type=\"section\" data-e-type=\"section\" data-settings=\"{&quot;background_background&quot;:&quot;classic&quot;}\">\n\t\t\t\t\t\t<div class=\"elementor-container elementor-column-gap-default\">\n\t\t\t\t\t<div class=\"elementor-column elementor-col-100 elementor-top-column elementor-element elementor-element-76a9e38\" data-id=\"76a9e38\" data-element_type=\"column\" data-e-type=\"column\">\n\t\t\t<div class=\"elementor-widget-wrap elementor-element-populated\">\n\t\t\t\t\t\t<div class=\"elementor-element elementor-element-1380bb1 elementor-widget elementor-widget-spacer\" data-id=\"1380bb1\" data-element_type=\"widget\" data-e-type=\"widget\" data-widget_type=\"spacer.default\">\n\t\t\t\t<div class=\"elementor-widget-container\">\n\t\t\t\t\t\t\t<div class=\"elementor-spacer\">\n\t\t\t<div class=\"elementor-spacer-inner\"><\/div>\n\t\t<\/div>\n\t\t\t\t\t\t<\/div>\n\t\t\t\t<\/div>\n\t\t\t\t\t<\/div>\n\t\t<\/div>\n\t\t\t\t\t<\/div>\n\t\t<\/section>\n\t\t\t\t<section class=\"elementor-section elementor-top-section elementor-element elementor-element-39e2f43 elementor-hidden-mobile elementor-section-full_width elementor-section-height-default elementor-section-height-default\" data-id=\"39e2f43\" data-element_type=\"section\" data-e-type=\"section\" data-settings=\"{&quot;background_background&quot;:&quot;classic&quot;}\">\n\t\t\t\t\t\t<div class=\"elementor-container elementor-column-gap-default\">\n\t\t\t\t\t<div class=\"elementor-column elementor-col-100 elementor-top-column elementor-element elementor-element-15f9975\" data-id=\"15f9975\" data-element_type=\"column\" data-e-type=\"column\">\n\t\t\t<div class=\"elementor-widget-wrap elementor-element-populated\">\n\t\t\t\t\t\t<div class=\"elementor-element elementor-element-0354fa3 elementor-widget elementor-widget-image\" data-id=\"0354fa3\" data-element_type=\"widget\" data-e-type=\"widget\" data-widget_type=\"image.default\">\n\t\t\t\t<div class=\"elementor-widget-container\">\n\t\t\t\t\t\t\t\t\t\t\t\t\t\t\t<img fetchpriority=\"high\" decoding=\"async\" width=\"600\" height=\"381\" src=\"https:\/\/kalynacare.com.au\/wp-content\/uploads\/2021\/11\/kalyna-alder.jpg\" class=\"attachment-large size-large wp-image-3217\" alt=\"Branch of alder\" srcset=\"https:\/\/kalynacare.com.au\/wp-content\/uploads\/2021\/11\/kalyna-alder.jpg 600w, https:\/\/kalynacare.com.au\/wp-content\/uploads\/2021\/11\/kalyna-alder-300x191.jpg 300w, https:\/\/kalynacare.com.au\/wp-content\/uploads\/2021\/11\/kalyna-alder-18x12.jpg 18w\" sizes=\"(max-width: 600px) 100vw, 600px\" \/>\t\t\t\t\t\t\t\t\t\t\t\t\t\t\t<\/div>\n\t\t\t\t<\/div>\n\t\t\t\t\t<\/div>\n\t\t<\/div>\n\t\t\t\t\t<\/div>\n\t\t<\/section>\n\t\t\t\t<\/div>\n\t\t","protected":false},"excerpt":{"rendered":"<p>Povratne informacije Kalyna Care 344 Taylors Road, Delahey VIC 3037 Telefon: +61 3 9116 4100 Fax: +61 3 9116 4101 Va\u0161e povratne informacije su vrlo va\u017ene za pomo\u0107 u stalnom pobolj\u0161anju skrbi i podr\u0161ke na\u0161im cijenjenim \u0161ti\u0107enicima i osoblju.<\/p>","protected":false},"author":1,"featured_media":2705,"parent":0,"menu_order":0,"comment_status":"closed","ping_status":"closed","template":"","meta":{"_seopress_robots_primary_cat":"","_seopress_titles_title":"","_seopress_titles_desc":"Your feedback is very important in assisting us to continually improve the care and support provided to our valued residents and staff.","_seopress_robots_index":"","footnotes":""},"class_list":["post-14","page","type-page","status-publish","has-post-thumbnail","hentry"],"_links":{"self":[{"href":"https:\/\/kalynacare.com.au\/hr\/wp-json\/wp\/v2\/pages\/14","targetHints":{"allow":["GET"]}}],"collection":[{"href":"https:\/\/kalynacare.com.au\/hr\/wp-json\/wp\/v2\/pages"}],"about":[{"href":"https:\/\/kalynacare.com.au\/hr\/wp-json\/wp\/v2\/types\/page"}],"author":[{"embeddable":true,"href":"https:\/\/kalynacare.com.au\/hr\/wp-json\/wp\/v2\/users\/1"}],"replies":[{"embeddable":true,"href":"https:\/\/kalynacare.com.au\/hr\/wp-json\/wp\/v2\/comments?post=14"}],"version-history":[{"count":9,"href":"https:\/\/kalynacare.com.au\/hr\/wp-json\/wp\/v2\/pages\/14\/revisions"}],"predecessor-version":[{"id":4062,"href":"https:\/\/kalynacare.com.au\/hr\/wp-json\/wp\/v2\/pages\/14\/revisions\/4062"}],"wp:featuredmedia":[{"embeddable":true,"href":"https:\/\/kalynacare.com.au\/hr\/wp-json\/wp\/v2\/media\/2705"}],"wp:attachment":[{"href":"https:\/\/kalynacare.com.au\/hr\/wp-json\/wp\/v2\/media?parent=14"}],"curies":[{"name":"wp","href":"https:\/\/api.w.org\/{rel}","templated":true}]}}