{"id":3,"date":"2021-11-03T23:53:39","date_gmt":"2021-11-03T23:53:39","guid":{"rendered":"http:\/\/evergreenamdigital.com.au\/kalynacare\/?page_id=3"},"modified":"2021-12-08T02:49:54","modified_gmt":"2021-12-08T02:49:54","slug":"privacy-policy","status":"publish","type":"page","link":"https:\/\/kalynacare.com.au\/pl\/privacy-policy\/","title":{"rendered":"Polityka prywatno\u015bci"},"content":{"rendered":"<div data-elementor-type=\"wp-page\" data-elementor-id=\"3\" class=\"elementor elementor-3\" data-elementor-post-type=\"page\">\n\t\t\t\t\t\t<section class=\"elementor-section elementor-top-section elementor-element elementor-element-45a89c85 elementor-section-boxed elementor-section-height-default elementor-section-height-default\" data-id=\"45a89c85\" data-element_type=\"section\" data-e-type=\"section\">\n\t\t\t\t\t\t<div class=\"elementor-container elementor-column-gap-default\">\n\t\t\t\t\t<div class=\"elementor-column elementor-col-100 elementor-top-column elementor-element elementor-element-1c3e1980\" data-id=\"1c3e1980\" data-element_type=\"column\" data-e-type=\"column\">\n\t\t\t<div class=\"elementor-widget-wrap elementor-element-populated\">\n\t\t\t\t\t\t<div class=\"elementor-element elementor-element-d32565b elementor-widget elementor-widget-heading\" data-id=\"d32565b\" data-element_type=\"widget\" data-e-type=\"widget\" data-widget_type=\"heading.default\">\n\t\t\t\t<div class=\"elementor-widget-container\">\n\t\t\t\t\t<h1 class=\"elementor-heading-title elementor-size-default\">Polityka prywatno\u015bci<\/h1>\t\t\t\t<\/div>\n\t\t\t\t<\/div>\n\t\t\t\t<div class=\"elementor-element elementor-element-50d59a14 elementor-widget elementor-widget-text-editor\" data-id=\"50d59a14\" data-element_type=\"widget\" data-e-type=\"widget\" data-widget_type=\"text-editor.default\">\n\t\t\t\t<div class=\"elementor-widget-container\">\n\t\t\t\t\t\t\t\t\t<p>Niniejsza Polityka prywatno\u015bci wyja\u015bnia, w jaki spos\u00f3b Kalyna Care b\u0119dzie post\u0119powa\u0107 z danymi osobowymi Twoimi i innych os\u00f3b.<\/p><p><strong>Informacje osobiste<\/strong><\/p><p>Gromadzone dane osobowe mog\u0105 obejmowa\u0107 imi\u0119 i nazwisko, adres, dat\u0119 urodzenia, p\u0142e\u0107, adres e-mail, numer telefonu, histori\u0119 medyczn\u0105, informacje o chorobach, objawach, niepe\u0142nosprawno\u015bci, pochodzeniu etnicznym i praktykach seksualnych (je\u015bli ma to znaczenie dla zdrowia lub zapewniania us\u0142ug) oraz wszelkie inne informacje wymagane, aby\u015bmy mogli zapewni\u0107 Pa\u0144stwu:<\/p><p>a) informacje lub us\u0142ugi zwi\u0105zane z opiek\u0105 nad osobami starszymi;<\/p><p>b) s\u0142u\u017cba zdrowia (w tym pokrewna s\u0142u\u017cba zdrowia); i\/lub<\/p><p>c) dostawc\u0119 us\u0142ug opieki nad osobami starszymi (zwanych \u0142\u0105cznie \u201eUs\u0142ugami\u201d).<\/p><p>Niekt\u00f3re zebrane informacje, takie jak informacje o stanie zdrowia, b\u0119d\u0105 \u201einformacjami wra\u017cliwymi\u201d zgodnie z definicj\u0105 ustawy o prywatno\u015bci.<\/p><p><strong>Jak zbieramy Twoje dane osobowe?<\/strong><\/p><p>Dane osobowe mog\u0105 by\u0107 gromadzone, gdy Ty lub kto\u015b w Twoim imieniu kontaktuje si\u0119 z Kalyna Care, aby uzyska\u0107 dost\u0119p lub poprosi\u0107 o informacje na temat us\u0142ug, wys\u0142a\u0107 e-mail, faks, list lub wype\u0142ni\u0107 formularz online lub papierowy.<\/p><p>Przekazuj\u0105c nam swoje dane osobowe (w tym wszelkie poufne informacje o Tobie, np. informacje o Twoim stanie zdrowia i dane medyczne), wyra\u017casz zgod\u0119 na gromadzenie, wykorzystywanie, ujawnianie i przetwarzanie tych informacji przez Kalyna Care zgodnie z niniejsz\u0105 Polityk\u0105 prywatno\u015bci. Wi\u0119cej informacji o tym, komu ujawniamy informacje, znajduje si\u0119 poni\u017cej.<\/p><p>Kalyna Care mo\u017ce r\u00f3wnie\u017c rejestrowa\u0107 informacje o \u015bwiadczeniach zdrowotnych, kt\u00f3re maj\u0105 zosta\u0107 Ci udzielone w przysz\u0142o\u015bci lub Twoje \u017cyczenia dotycz\u0105ce przysz\u0142ego \u015bwiadczenia us\u0142ug.<\/p><p>Kalyna Care mo\u017ce gromadzi\u0107 dane osobowe o Tobie od strony trzeciej w celu \u015bwiadczenia potrzebnych Ci us\u0142ug lub aktualizacji Twoich danych. Na przyk\u0142ad mo\u017ce to by\u0107 od lekarza rodzinnego,<span class=\"Apple-converted-space\">\u00a0 <\/span>pracownik ds. oceny lub inny pracownik s\u0142u\u017cby zdrowia, kt\u00f3ry kieruje Ci\u0119 na ocen\u0119 lub opiek\u0119 nad osobami starszymi. Kalyna Care mo\u017ce r\u00f3wnie\u017c zbiera\u0107 informacje o Tobie od cz\u0142onka rodziny, przyjaciela lub innej osoby, kt\u00f3ra kontaktuje si\u0119 z nami w Twoim imieniu.<\/p><p>Je\u015bli Kalyna Care zbierze Twoje dane osobowe od kogo\u015b innego, zostan\u0105 podj\u0119te uzasadnione kroki w celu:<\/p><ul><li>potwierdzi\u0107, \u017ce wyrazi\u0142e\u015b zgod\u0119 na gromadzenie przez nas Twoich danych osobowych; oraz<\/li><li>poinformowa\u0107, \u017ce zebrane zosta\u0142y dane osobowe (w tym powiadomienie o pewnych innych kwestiach wynikaj\u0105cych z przepis\u00f3w o ochronie prywatno\u015bci).<\/li><li>Je\u015bli ujawniasz nam dane osobowe innej osoby (np. poufne informacje dotycz\u0105ce zdrowia i danych medycznych innej osoby), przekazuj\u0105c nam te dane osobowe, zgadzasz si\u0119, \u017ce:<\/li><li>zwr\u00f3ci\u0142e\u015b uwag\u0119 tej osoby na niniejsz\u0105 Polityk\u0119 prywatno\u015bci;<\/li><li>ta osoba wyrazi\u0142a zgod\u0119 na przekazanie nam swoich danych osobowych; oraz<\/li><li>ta osoba rozumie i zgadza si\u0119, \u017ce mo\u017cemy wykorzystywa\u0107, ujawnia\u0107 i zarz\u0105dza\u0107 jej danymi osobowymi zgodnie z niniejsz\u0105 Polityk\u0105 prywatno\u015bci.<\/li><\/ul><p>Je\u015bli kontaktujesz si\u0119 z Kalyna Care w imieniu innej osoby, b\u0119dziemy r\u00f3wnie\u017c gromadzi\u0107 pewne dane osobowe o Tobie, w tym Twoje imi\u0119 i nazwisko, dane kontaktowe i Twoj\u0105 relacj\u0119 z osob\u0105, kt\u00f3r\u0105 kierujesz.<\/p><p><strong>Co zrobimy z Twoimi danymi osobowymi?<\/strong><\/p><p>Kalyna Care b\u0119dzie gromadzi\u0107, przechowywa\u0107, wykorzystywa\u0107 i ujawnia\u0107 dane osobowe z nast\u0119puj\u0105cych powod\u00f3w:<\/p><p>organizowanie, u\u0142atwianie lub pomoc w \u015bwiadczeniu Us\u0142ug dla Ciebie, w tym zarz\u0105dzanie skargami dotycz\u0105cymi \u015bwiadczenia Us\u0142ug (kt\u00f3re mog\u0105 obejmowa\u0107 mi\u0119dzy innymi skargi dotycz\u0105ce prywatno\u015bci lub skargi sk\u0142adane do Komisji ds. Jako\u015bci i Bezpiecze\u0144stwa Opieki nad Osobami Starszymi) dostarczanie informacji o i wspieranie dost\u0119pu do odpowiednich us\u0142ug wsparcia i opieki dla starszych Australijczyk\u00f3w, kt\u00f3rzy przestrzegaj\u0105 naszych zobowi\u0105za\u0144 prawnych.<\/p><p><strong>Komu mog\u0105 by\u0107 udost\u0119pniane Twoje dane osobowe<\/strong><\/p><p>Mo\u017cemy r\u00f3wnie\u017c udost\u0119pnia\u0107 Twoje dane cz\u0142onkowi Twojej rodziny, przyjacielowi lub innej osobie, kt\u00f3ra zapewnia Ci opiek\u0119 (je\u015bli jest upowa\u017cniona do otrzymania Twoich danych osobowych). Mo\u017cemy ujawni\u0107 Twoje dane osobowe osobie upowa\u017cnionej do prowadzenia Twoich spraw, je\u015bli zostaniesz ubezw\u0142asnowolniony.<\/p><p>Kalyna Care udost\u0119pni odpowiednie informacje s\u0142u\u017cbom zdrowia i\/lub organom rz\u0105dowym w przypadku katastrofy zdrowotnej na poziomie krajowym lub jurysdykcji, aby mo\u017cna by\u0142o zapewni\u0107 odpowiedni\u0105 reakcj\u0119 zdrowotn\u0105.<\/p><p>Kalyna Care mo\u017ce skontaktowa\u0107 si\u0119 z Tob\u0105 w celu uzyskania opinii na temat Twojego zadowolenia z Us\u0142ug. Tw\u00f3j adres e-mail b\u0119dzie u\u017cywany wy\u0142\u0105cznie w celu, w jakim go poda\u0142e\u015b.<\/p><p>Kalyna Care nie doda Ci\u0119 do \u017cadnej listy mailingowej bez Twojej zgody i nie wykorzysta ani nie ujawni Twojego adresu e-mail w \u017cadnym innym celu bez Twojej zgody, chyba \u017ce jest to dozwolone lub wymagane przez prawo.<\/p><p>Kalyna Care zasadniczo nie ujawnia Twoich danych osobowych nikomu, z wyj\u0105tkiem przypadk\u00f3w opisanych w niniejszej polityce prywatno\u015bci, bez Twojej zgody.<\/p><p>Kalyna Care mo\u017ce r\u00f3wnie\u017c ujawni\u0107 Twoje dane osobowe, je\u015bli:<\/p><ul><li>jeste\u015bmy upowa\u017cnieni lub zobowi\u0105zani przez prawo do ich ujawnienia.<span class=\"Apple-converted-space\">\u00a0<\/span><\/li><li>zapobiegnie lub zmniejszy powa\u017cne zagro\u017cenie dla \u017cycia, zdrowia lub bezpiecze\u0144stwa czyjego\u015b lub zagro\u017cenie dla zdrowia lub bezpiecze\u0144stwa publicznego<\/li><li>jest wymagany do nadzoru zdrowia publicznego, w kt\u00f3rym objawy s\u0105 mapowane geograficznie, aby sprawdzi\u0107, czy pojawiaj\u0105 si\u0119 wzorce jako system wczesnego ostrzegania identyfikuj\u0105cy epidemie<\/li><li>jest to konieczne w ramach ustalenia lub obrony roszczenia prawnego<\/li><li>jest to wymagane przez organ egzekucyjny, taki jak policja<\/li><li>jest to niezb\u0119dna cz\u0119\u015b\u0107 dochodzenia w nast\u0119pstwie skargi lub incydentu<\/li><li>nast\u0119puje zmiana dostawcy us\u0142ug internetowych, w kt\u00f3rym to przypadku mo\u017cemy ujawni\u0107 Twoje dane osobowe nowemu, podobnemu dostawcy us\u0142ug.<\/li><\/ul><p>Kiedy ujawniamy Twoje dane osobowe stronom trzecim, dok\u0142adamy wszelkich uzasadnionych stara\u0144, aby ujawnia\u0107 tylko istotne informacje oraz, \u017ce s\u0105 one dok\u0142adne, kompletne i aktualne.<\/p><p>Nie b\u0119dziemy sprzedawa\u0107 ani wynajmowa\u0107 Twoich danych osobowych nikomu i nie przeka\u017cemy Twoich danych za granic\u0119, chyba \u017ce nas o to poprosisz.<\/p><p><strong>Jak chronimy Twoje dane osobowe?<\/strong><\/p><p>Kalyna Care posiada systemy i procedury maj\u0105ce na celu ochron\u0119 Twoich danych osobowych przed niew\u0142a\u015bciwym wykorzystaniem i utrat\u0105 oraz przed nieautoryzowanym dost\u0119pem, modyfikacj\u0105 lub ujawnieniem.<\/p><p>Witryna zosta\u0142a przetestowana pod k\u0105tem zaawansowanego poziomu bezpiecze\u0144stwa witryny. Jednak u\u017cytkownicy s\u0105 informowani, \u017ce istnieje nieod\u0142\u0105czne ryzyko zwi\u0105zane z przesy\u0142aniem informacji przez Internet, w tym ryzyko, \u017ce informacje przesy\u0142ane do lub ze strony internetowej mog\u0105 zosta\u0107 przechwycone, uszkodzone lub zmodyfikowane przez osoby trzecie. Je\u015bli masz jakiekolwiek obawy dotycz\u0105ce bezpiecze\u0144stwa lub je\u015bli chcesz przekaza\u0107 dane osobowe w inny spos\u00f3b (np. telefonicznie lub papierowo), mo\u017cesz skontaktowa\u0107 si\u0119 z Kalyna Care pod numerem 03 9116 4100.<\/p><p><strong>Jak przechowujemy i utrzymujemy Twoje dane osobowe?<\/strong><\/p><p>Kalyna Care stosuje procesy zapewniaj\u0105ce, \u017ce rejestry Twoich danych osobowych pozostaj\u0105 dok\u0142adne, kompletne i aktualne, w tym poprzez weryfikacj\u0119 informacji z Tob\u0105 za ka\u017cdym razem, gdy korzystasz z Us\u0142ug oraz z innych \u017ar\u00f3de\u0142.<\/p><p>Je\u015bli dowiesz si\u0119, \u017ce posiadane przez nas dane osobowe s\u0105 niedok\u0142adne, niekompletne lub nieaktualne, skontaktuj si\u0119 z Kalyna Care, aby\u015bmy mogli niezw\u0142ocznie zaktualizowa\u0107 nasze dane.<\/p><p><strong>Jak mo\u017cesz uzyska\u0107 dost\u0119p do swoich danych osobowych i je poprawi\u0107?<\/strong><\/p><p>Mo\u017cesz poprosi\u0107 o dost\u0119p i\/lub poprawienie swoich danych osobowych, kontaktuj\u0105c si\u0119 z Kalyna Care<\/p><p>Kalyna Care mo\u017ce nie by\u0107 w stanie przekaza\u0107 Ci kopii Twoich danych osobowych, je\u015bli:<\/p><ul><li>zosta\u0142a przekazana anonimowo;<\/li><li>je\u015bli informacja zawiera szczeg\u00f3\u0142owe informacje o innych osobach; lub<\/li><li>je\u015bli podanie danych osobowych by\u0142oby niebezpieczne, poniewa\u017c mog\u0142oby to prowadzi\u0107 do wyrz\u0105dzenia szkody innej osobie.<\/li><\/ul><p><strong>Analityka<\/strong><\/p><p>Aby poprawi\u0107 komfort korzystania z naszej witryny, mo\u017cemy u\u017cywa\u0107 plik\u00f3w \u201ecookies\u201d. Pliki cookie s\u0105 standardem bran\u017cowym i korzysta z nich wi\u0119kszo\u015b\u0107 g\u0142\u00f3wnych witryn internetowych.<\/p><p>Kiedy odwiedzasz t\u0119 stron\u0119, Kalyna Care rejestruje Twoj\u0105 wizyt\u0119 i rejestruje nast\u0119puj\u0105ce informacje w celach statystycznych lub administrowania systemami:<\/p><ul><li>adres serwera u\u017cytkownika<\/li><li>nazwa domeny najwy\u017cszego poziomu u\u017cytkownika<\/li><li>data i godzina wej\u015bcia na stron\u0119<\/li><li>przegl\u0105dane strony i pobrane dokumenty<\/li><li>poprzednia odwiedzona strona<\/li><li>rodzaj u\u017cywanej przegl\u0105darki<\/li><\/ul><p>Informacje te s\u0105 analizowane w celu wykrycia uszkodzonych link\u00f3w w naszej witrynie, w\u0105skich garde\u0142 i innych problem\u00f3w z witryn\u0105. U\u017cywamy tych informacji, aby utrzyma\u0107 nasz\u0105 witryn\u0119 w celu efektywnego wykorzystania.<span class=\"Apple-converted-space\">\u00a0<\/span><\/p><p>Kalyna Care wykorzystuje pliki cookies w celu utrzymywania kontaktu z u\u017cytkownikiem poprzez sesj\u0119 serwisu. Plik cookie to ma\u0142y plik dostarczany przez Kalyna Care i przechowywany przez oprogramowanie przegl\u0105darki internetowej na Twoim komputerze, gdy wchodzisz na nasz\u0105 stron\u0119. Pliki cookie pozwalaj\u0105 nam rozpozna\u0107 Ci\u0119 jako indywidualnego u\u017cytkownika sieci, gdy przegl\u0105dasz nasz\u0105 stron\u0119 internetow\u0105.<\/p><p><strong>Prywatno\u015b\u0107 plik\u00f3w cookie<\/strong><\/p><p>Nie b\u0119d\u0105 podejmowane \u017cadne pr\u00f3by identyfikacji u\u017cytkownik\u00f3w ani ich dzia\u0142a\u0144 zwi\u0105zanych z przegl\u0105daniem, chyba \u017ce zostanie do tego prawnie zmuszony, na przyk\u0142ad w przypadku dochodzenia, w kt\u00f3rym organ \u015bcigania mo\u017ce skorzysta\u0107 z nakazu sprawdzenia plik\u00f3w dziennika dostawcy us\u0142ug internetowych.<\/p><p>Nasza strona internetowa korzysta z Google Analytics, us\u0142ugi przekazuj\u0105cej dane o ruchu na stronie do serwer\u00f3w Google w Stanach Zjednoczonych. Google Analytics nie identyfikuje poszczeg\u00f3lnych u\u017cytkownik\u00f3w ani nie \u0142\u0105czy Twojego adresu IP z innymi danymi przechowywanymi przez Google. Korzystamy z raport\u00f3w dostarczanych przez Google Analytics, aby pom\u00f3c nam zrozumie\u0107 ruch w witrynie i korzystanie z niej.<\/p><p>Korzystaj\u0105c z tej witryny, wyra\u017casz zgod\u0119 na przetwarzanie danych o Tobie przez Google w spos\u00f3b opisany w polityce prywatno\u015bci Google (strona zewn\u0119trzna) oraz w celach okre\u015blonych powy\u017cej. Mo\u017cesz zrezygnowa\u0107 z Google Analytics, je\u015bli wy\u0142\u0105czysz lub odrzucisz plik cookie, wy\u0142\u0105czysz JavaScript lub skorzystasz z us\u0142ugi rezygnacji \u015bwiadczonej przez Google (strona zewn\u0119trzna).<\/p><p><strong>Skontaktuj si\u0119 z nami<\/strong><\/p><p>Je\u015bli masz pomys\u0142y na to, jak mo\u017cemy ulepszy\u0107 zawarto\u015b\u0107 i u\u017cyteczno\u015b\u0107 tej witryny, lub masz skarg\u0119 lub w\u0105tpliwo\u015bci dotycz\u0105ce prywatno\u015bci, mo\u017cesz skontaktowa\u0107 si\u0119 z nami za po\u015brednictwem strony Skontaktuj si\u0119 z nami.<\/p><p>Sporz\u0105dzono na dzie\u0144 22.11.2021.<\/p>\t\t\t\t\t\t\t\t<\/div>\n\t\t\t\t<\/div>\n\t\t\t\t\t<\/div>\n\t\t<\/div>\n\t\t\t\t\t<\/div>\n\t\t<\/section>\n\t\t\t\t<\/div>","protected":false},"excerpt":{"rendered":"<p>Privacy Policy This Privacy Policy explains how Kalyna Care will handle your, and other people\u2019s, personal information. Personal information Personal information collected may include your name, address, date of birth, gender, email address, phone number, some medical history, information about your illnesses, symptoms, disabilities, your ethnic background and sexual practice (if relevant to your health [&hellip;]<\/p>\n","protected":false},"author":1,"featured_media":2705,"parent":0,"menu_order":0,"comment_status":"closed","ping_status":"open","template":"","meta":{"_seopress_robots_primary_cat":"","_seopress_titles_title":"","_seopress_titles_desc":"This Privacy Policy explains how Kalyna Care will handle your, and other people\u2019s, personal information.","_seopress_robots_index":"","footnotes":""},"class_list":["post-3","page","type-page","status-publish","has-post-thumbnail","hentry"],"_links":{"self":[{"href":"https:\/\/kalynacare.com.au\/pl\/wp-json\/wp\/v2\/pages\/3","targetHints":{"allow":["GET"]}}],"collection":[{"href":"https:\/\/kalynacare.com.au\/pl\/wp-json\/wp\/v2\/pages"}],"about":[{"href":"https:\/\/kalynacare.com.au\/pl\/wp-json\/wp\/v2\/types\/page"}],"author":[{"embeddable":true,"href":"https:\/\/kalynacare.com.au\/pl\/wp-json\/wp\/v2\/users\/1"}],"replies":[{"embeddable":true,"href":"https:\/\/kalynacare.com.au\/pl\/wp-json\/wp\/v2\/comments?post=3"}],"version-history":[{"count":5,"href":"https:\/\/kalynacare.com.au\/pl\/wp-json\/wp\/v2\/pages\/3\/revisions"}],"predecessor-version":[{"id":3670,"href":"https:\/\/kalynacare.com.au\/pl\/wp-json\/wp\/v2\/pages\/3\/revisions\/3670"}],"wp:featuredmedia":[{"embeddable":true,"href":"https:\/\/kalynacare.com.au\/pl\/wp-json\/wp\/v2\/media\/2705"}],"wp:attachment":[{"href":"https:\/\/kalynacare.com.au\/pl\/wp-json\/wp\/v2\/media?parent=3"}],"curies":[{"name":"wp","href":"https:\/\/api.w.org\/{rel}","templated":true}]}}