{"id":3,"date":"2021-11-03T23:53:39","date_gmt":"2021-11-03T23:53:39","guid":{"rendered":"http:\/\/evergreenamdigital.com.au\/kalynacare\/?page_id=3"},"modified":"2021-12-08T02:49:54","modified_gmt":"2021-12-08T02:49:54","slug":"privacy-policy","status":"publish","type":"page","link":"https:\/\/kalynacare.com.au\/sq\/privacy-policy\/","title":{"rendered":"Politika e privat\u00ebsis\u00eb"},"content":{"rendered":"<div data-elementor-type=\"wp-page\" data-elementor-id=\"3\" class=\"elementor elementor-3\" data-elementor-post-type=\"page\">\n\t\t\t\t\t\t<section class=\"elementor-section elementor-top-section elementor-element elementor-element-45a89c85 elementor-section-boxed elementor-section-height-default elementor-section-height-default\" data-id=\"45a89c85\" data-element_type=\"section\" data-e-type=\"section\">\n\t\t\t\t\t\t<div class=\"elementor-container elementor-column-gap-default\">\n\t\t\t\t\t<div class=\"elementor-column elementor-col-100 elementor-top-column elementor-element elementor-element-1c3e1980\" data-id=\"1c3e1980\" data-element_type=\"column\" data-e-type=\"column\">\n\t\t\t<div class=\"elementor-widget-wrap elementor-element-populated\">\n\t\t\t\t\t\t<div class=\"elementor-element elementor-element-d32565b elementor-widget elementor-widget-heading\" data-id=\"d32565b\" data-element_type=\"widget\" data-e-type=\"widget\" data-widget_type=\"heading.default\">\n\t\t\t\t<div class=\"elementor-widget-container\">\n\t\t\t\t\t<h1 class=\"elementor-heading-title elementor-size-default\">Politika e privat\u00ebsis\u00eb<\/h1>\t\t\t\t<\/div>\n\t\t\t\t<\/div>\n\t\t\t\t<div class=\"elementor-element elementor-element-50d59a14 elementor-widget elementor-widget-text-editor\" data-id=\"50d59a14\" data-element_type=\"widget\" data-e-type=\"widget\" data-widget_type=\"text-editor.default\">\n\t\t\t\t<div class=\"elementor-widget-container\">\n\t\t\t\t\t\t\t\t\t<p>Kjo politik\u00eb e privat\u00ebsis\u00eb shpjegon se si Kalyna Care do t\u00eb trajtoj\u00eb informacionin tuaj personal dhe t\u00eb njer\u00ebzve t\u00eb tjer\u00eb.<\/p><p><strong>Informata personale<\/strong><\/p><p>Informacioni personal i mbledhur mund t\u00eb p\u00ebrfshij\u00eb emrin tuaj, adres\u00ebn, dat\u00ebn e lindjes, gjinin\u00eb, adres\u00ebn e emailit, numrin e telefonit, disa histori mjek\u00ebsore, informacione n\u00eb lidhje me s\u00ebmundjet tuaja, simptomat, aft\u00ebsit\u00eb e kufizuara, prejardhjen tuaj etnike dhe praktik\u00ebn seksuale (n\u00ebse \u00ebsht\u00eb e r\u00ebnd\u00ebsishme p\u00ebr sh\u00ebndetin tuaj ose ofrimin e sh\u00ebrbimet) dhe \u00e7do informacion tjet\u00ebr q\u00eb k\u00ebrkohet n\u00eb m\u00ebnyr\u00eb q\u00eb ne t&#039;ju ofrojm\u00eb:<\/p><p>(a) informacion ose sh\u00ebrbime n\u00eb lidhje me kujdesin p\u00ebr t\u00eb moshuarit;<\/p><p>(b) nj\u00eb sh\u00ebrbim sh\u00ebndet\u00ebsor (duke p\u00ebrfshir\u00eb nj\u00eb sh\u00ebrbim sh\u00ebndet\u00ebsor aleat); dhe\/ose<\/p><p>(c) nj\u00eb ofrues sh\u00ebrbimi t\u00eb kujdesit p\u00ebr t\u00eb moshuarit (t\u00eb referuar kolektivisht si &#039;Sh\u00ebrbime&#039;).<\/p><p>Disa nga informacionet e mbledhura, t\u00eb tilla si informacioni sh\u00ebndet\u00ebsor, do t\u00eb jen\u00eb &#039;informacion sensitiv&#039; si\u00e7 p\u00ebrcaktohet nga Ligji i Privat\u00ebsis\u00eb.<\/p><p><strong>Si i mbledhim t\u00eb dh\u00ebnat tuaja personale?<\/strong><\/p><p>Informacioni personal mund t\u00eb mblidhet kur ju, ose dikush n\u00eb emrin tuaj, kontaktoni Kalyna Care p\u00ebr t\u00eb aksesuar ose k\u00ebrkuar informacion mbi sh\u00ebrbimet, p\u00ebr t\u00eb d\u00ebrguar nj\u00eb email, faks, let\u00ebr ose p\u00ebr t\u00eb plot\u00ebsuar nj\u00eb formular n\u00eb internet ose n\u00eb let\u00ebr.<\/p><p>Duke na dh\u00ebn\u00eb informacionin tuaj personal (duke p\u00ebrfshir\u00eb \u00e7do informacion t\u00eb ndjesh\u00ebm rreth jush, p.sh. informacion n\u00eb lidhje me sh\u00ebndetin tuaj dhe t\u00eb dh\u00ebnat mjek\u00ebsore), ju pranoni q\u00eb Kalyna Care t\u00eb mbledh\u00eb, p\u00ebrdor\u00eb, zbuloj\u00eb dhe trajtoj\u00eb at\u00eb informacion si\u00e7 p\u00ebrshkruhet n\u00eb k\u00ebt\u00eb Politik\u00eb t\u00eb Privat\u00ebsis\u00eb. M\u00eb shum\u00eb informacion se kujt ia japim informacionin jan\u00eb m\u00eb posht\u00eb.<\/p><p>Kalyna Care mund t\u00eb regjistroj\u00eb gjithashtu informacione n\u00eb lidhje me sh\u00ebrbimet sh\u00ebndet\u00ebsore q\u00eb do t&#039;ju ofrohen n\u00eb t\u00eb ardhmen ose d\u00ebshirat tuaja p\u00ebr ofrimin e sh\u00ebrbimeve n\u00eb t\u00eb ardhmen.<\/p><p>Kalyna Care mund t\u00eb mbledh\u00eb informacion personal rreth jush nga nj\u00eb pal\u00eb e tret\u00eb n\u00eb m\u00ebnyr\u00eb q\u00eb t&#039;ju ofroj\u00eb sh\u00ebrbimet q\u00eb ju nevojiten ose t\u00eb p\u00ebrdit\u00ebsoj\u00eb t\u00eb dh\u00ebnat tuaja. P\u00ebr shembull, kjo mund t\u00eb jet\u00eb nga nj\u00eb mjek i p\u00ebrgjithsh\u00ebm,<span class=\"Apple-converted-space\">\u00a0 <\/span>nj\u00eb punonj\u00ebs vler\u00ebsimi ose ndonj\u00eb profesionist tjet\u00ebr sh\u00ebndet\u00ebsor q\u00eb po ju referon p\u00ebr vler\u00ebsim ose sh\u00ebrbime t\u00eb kujdesit p\u00ebr t\u00eb moshuarit. Kalyna Care gjithashtu mund t\u00eb mbledh\u00eb informacion p\u00ebr ju nga nj\u00eb an\u00ebtar i familjes, mik ose person tjet\u00ebr q\u00eb na kontakton n\u00eb emrin tuaj.<\/p><p>N\u00ebse Kalyna Care mbledh informacionin tuaj personal nga dikush tjet\u00ebr, do t\u00eb nd\u00ebrmerren hapa t\u00eb arsyesh\u00ebm p\u00ebr:<\/p><ul><li>konfirmoni q\u00eb keni pranuar q\u00eb ne t\u00eb mbledhim t\u00eb dh\u00ebnat tuaja personale; dhe<\/li><li>do t&#039;ju njoftoj\u00eb se t\u00eb dh\u00ebnat personale (p\u00ebrfshir\u00eb njoftimin p\u00ebr disa \u00e7\u00ebshtje t\u00eb tjera sipas ligjit t\u00eb privat\u00ebsis\u00eb) jan\u00eb mbledhur, do t\u00eb merren.<\/li><li>N\u00ebse na zbuloni informacionin personal t\u00eb nj\u00eb personi tjet\u00ebr (p.sh. informacione t\u00eb ndjeshme n\u00eb lidhje me sh\u00ebndetin dhe t\u00eb dh\u00ebnat mjek\u00ebsore t\u00eb nj\u00eb personi tjet\u00ebr), duke na dh\u00ebn\u00eb at\u00eb informacion personal, ju pranoni q\u00eb:<\/li><li>ju i keni t\u00ebrhequr v\u00ebmendjen atij personi k\u00ebt\u00eb Politik\u00eb t\u00eb Privat\u00ebsis\u00eb;<\/li><li>ai person ka r\u00ebn\u00eb dakord q\u00eb ju t\u00eb na jepni t\u00eb dh\u00ebnat e tij personale; dhe<\/li><li>ai person e kupton dhe pranon q\u00eb ne mund t\u00eb p\u00ebrdorim, zbulojm\u00eb dhe menaxhojm\u00eb informacionin e tij personal si\u00e7 p\u00ebrshkruhet n\u00eb k\u00ebt\u00eb Politik\u00eb t\u00eb Privat\u00ebsis\u00eb.<\/li><\/ul><p>N\u00ebse jeni duke kontaktuar Kalyna Care n\u00eb em\u00ebr t\u00eb nj\u00eb personi tjet\u00ebr, ne do t\u00eb mbledhim gjithashtu disa informacione personale rreth jush, duke p\u00ebrfshir\u00eb emrin tuaj, detajet e kontaktit dhe marr\u00ebdh\u00ebnien tuaj me personin e referuar.<\/p><p><strong>\u00c7far\u00eb do t\u00eb b\u00ebjm\u00eb me t\u00eb dh\u00ebnat tuaja personale?<\/strong><\/p><p>Kalyna Care do t\u00eb mbledh\u00eb, mbaj\u00eb, p\u00ebrdor\u00eb dhe zbuloj\u00eb informacione personale p\u00ebr arsye q\u00eb p\u00ebrfshijn\u00eb:<\/p><p>organizimi, leht\u00ebsimi ose ndihma n\u00eb ofrimin e Sh\u00ebrbimeve p\u00ebr ju, duke p\u00ebrfshir\u00eb menaxhimin e ankesave n\u00eb lidhje me ofrimin e Sh\u00ebrbimeve (t\u00eb cilat mund t\u00eb p\u00ebrfshijn\u00eb, por nuk kufizohen n\u00eb, ankesat p\u00ebr privat\u00ebsin\u00eb ose ankesat e b\u00ebra Komisionit t\u00eb Cil\u00ebsis\u00eb dhe Siguris\u00eb s\u00eb Kujdesit p\u00ebr t\u00eb Moshuarit) duke ofruar informacion n\u00eb lidhje me dhe mb\u00ebshtetjen e aksesit n\u00eb sh\u00ebrbimet p\u00ebrkat\u00ebse t\u00eb mb\u00ebshtetjes dhe kujdesit p\u00ebr t\u00eb moshuarit australian\u00eb q\u00eb p\u00ebrmbushin detyrimet tona ligjore.<\/p><p><strong>Me k\u00eb mund t\u00eb ndahen t\u00eb dh\u00ebnat tuaja personale<\/strong><\/p><p>Ne gjithashtu mund t\u00eb ndajm\u00eb informacionin tuaj me an\u00ebtarin e familjes, mikun ose personin tjet\u00ebr q\u00eb ju ofron kujdes (n\u00ebse ata jan\u00eb t\u00eb autorizuar t\u00eb marrin informacionin tuaj personal). Ne mund t&#039;ia zbulojm\u00eb informacionin tuaj personal dikujt q\u00eb \u00ebsht\u00eb i autorizuar t\u00eb kryej\u00eb pun\u00ebt tuaja n\u00ebse b\u00ebheni t\u00eb paaft\u00eb.<\/p><p>Kalyna Care do t\u00eb ndaj\u00eb informacionin p\u00ebrkat\u00ebs me sh\u00ebrbimet sh\u00ebndet\u00ebsore dhe\/ose organet qeveritare n\u00eb rast t\u00eb nj\u00eb fatkeq\u00ebsie sh\u00ebndet\u00ebsore komb\u00ebtare ose juridiksionale, n\u00eb m\u00ebnyr\u00eb q\u00eb t\u00eb mund t\u00eb sigurohet nj\u00eb p\u00ebrgjigje e duhur sh\u00ebndet\u00ebsore.<\/p><p>Kalyna Care mund t&#039;ju kontaktoj\u00eb p\u00ebr komente mbi k\u00ebnaq\u00ebsin\u00eb tuaj me Sh\u00ebrbimet. Adresa juaj e emailit do t\u00eb p\u00ebrdoret vet\u00ebm p\u00ebr q\u00ebllimin p\u00ebr t\u00eb cilin e keni dh\u00ebn\u00eb.<\/p><p>Kalyna Care nuk do t&#039;ju shtoj\u00eb n\u00eb asnj\u00eb list\u00eb postare pa p\u00eblqimin tuaj dhe nuk do t\u00eb p\u00ebrdor\u00eb ose zbuloj\u00eb adres\u00ebn tuaj t\u00eb emailit p\u00ebr ndonj\u00eb q\u00ebllim tjet\u00ebr pa p\u00eblqimin tuaj, p\u00ebrve\u00e7 rasteve kur autorizohet ose k\u00ebrkohet me ligj.<\/p><p>Kalyna Care n\u00eb p\u00ebrgjith\u00ebsi nuk do t&#039;ia zbuloj\u00eb askujt informacionin tuaj personal, p\u00ebrve\u00e7 si\u00e7 p\u00ebrshkruhet n\u00eb k\u00ebt\u00eb politik\u00eb t\u00eb privat\u00ebsis\u00eb pa p\u00eblqimin tuaj.<\/p><p>Kalyna Care gjithashtu mund t\u00eb zbuloj\u00eb informacionin tuaj personal n\u00ebse:<\/p><ul><li>ne jemi t\u00eb autorizuar ose k\u00ebrkohet me ligj p\u00ebr ta zbuluar at\u00eb.<span class=\"Apple-converted-space\">\u00a0<\/span><\/li><li>do t\u00eb parandaloj\u00eb ose zvog\u00ebloj\u00eb nj\u00eb k\u00ebrc\u00ebnim serioz p\u00ebr jet\u00ebn, sh\u00ebndetin ose sigurin\u00eb e dikujt ose nj\u00eb k\u00ebrc\u00ebnim p\u00ebr sh\u00ebndetin ose sigurin\u00eb publike<\/li><li>\u00ebsht\u00eb e nevojshme p\u00ebr mbik\u00ebqyrjen e sh\u00ebndetit publik ku simptomat hartohen gjeografikisht p\u00ebr t\u00eb par\u00eb n\u00ebse lindin modelet si nj\u00eb sistem paralajm\u00ebrimi i hersh\u00ebm q\u00eb identifikon epidemit\u00eb<\/li><li>\u00ebsht\u00eb e nevojshme si pjes\u00eb e ngritjes ose mbrojtjes s\u00eb nj\u00eb padie juridike<\/li><li>k\u00ebrkohet nga nj\u00eb agjenci p\u00ebrmbarimore si\u00e7 \u00ebsht\u00eb policia<\/li><li>\u00ebsht\u00eb nj\u00eb pjes\u00eb e nevojshme e nj\u00eb hetimi pas nj\u00eb ankese ose incidenti<\/li><li>ka nj\u00eb ndryshim t\u00eb ofruesit t\u00eb sh\u00ebrbimit t\u00eb faqes n\u00eb internet, n\u00eb t\u00eb cilin rast ne mund t&#039;ia zbulojm\u00eb informacionin tuaj personal nj\u00eb ofruesi t\u00eb ri t\u00eb ngjash\u00ebm t\u00eb sh\u00ebrbimit.<\/li><\/ul><p>Kur ua zbulojm\u00eb informacionin tuaj personal pal\u00ebve t\u00eb treta, ne b\u00ebjm\u00eb t\u00eb gjitha p\u00ebrpjekjet e arsyeshme p\u00ebr t&#039;u siguruar q\u00eb zbulojm\u00eb vet\u00ebm informacionin p\u00ebrkat\u00ebs dhe se ai \u00ebsht\u00eb i sakt\u00eb, i plot\u00eb dhe i p\u00ebrdit\u00ebsuar.<\/p><p>Ne nuk do t&#039;i shesim apo japim me qira t\u00eb dh\u00ebnat tuaja personale askujt dhe nuk do t&#039;i transferojm\u00eb informacionet tuaja jasht\u00eb shtetit, p\u00ebrve\u00e7 n\u00ebse ju na k\u00ebrkoni ta b\u00ebjm\u00eb k\u00ebt\u00eb.<\/p><p><strong>Si i mbrojm\u00eb t\u00eb dh\u00ebnat tuaja personale?<\/strong><\/p><p>Kalyna Care ka sisteme dhe procedura t\u00eb vendosura p\u00ebr t\u00eb mbrojtur informacionin tuaj personal nga keqp\u00ebrdorimi dhe humbja, dhe nga aksesi, modifikimi ose zbulimi i paautorizuar.<\/p><p>Faqja e internetit \u00ebsht\u00eb testuar n\u00eb nj\u00eb nivel t\u00eb avancuar t\u00eb siguris\u00eb s\u00eb sajtit. Megjithat\u00eb, p\u00ebrdoruesit k\u00ebshillohen se ka rreziqe t\u00eb qen\u00ebsishme n\u00eb transmetimin e informacionit n\u00ebp\u00ebr internet, duke p\u00ebrfshir\u00eb rrezikun q\u00eb informacioni i d\u00ebrguar n\u00eb ose nga nj\u00eb faqe interneti mund t\u00eb p\u00ebrgjohet, korruptohet ose modifikohet nga pal\u00ebt e treta. N\u00ebse keni ndonj\u00eb shqet\u00ebsim sigurie, ose n\u00ebse d\u00ebshironi t\u00eb jepni informacion personal me mjete t\u00eb tjera (p.sh. me telefon ose let\u00ebr), mund t\u00eb kontaktoni Kalyna Care n\u00eb 03 9116 4100.<\/p><p><strong>Si i ruajm\u00eb dhe ruajm\u00eb t\u00eb dh\u00ebnat tuaja personale?<\/strong><\/p><p>Kalyna Care ka procese t\u00eb vendosura p\u00ebr t\u00eb siguruar q\u00eb t\u00eb dh\u00ebnat e informacionit tuaj personal t\u00eb mbeten t\u00eb sakta, t\u00eb plota dhe t\u00eb p\u00ebrdit\u00ebsuara, duke p\u00ebrfshir\u00eb verifikimin e informacionit me ju sa her\u00eb q\u00eb p\u00ebrdorni Sh\u00ebrbimet dhe nga burime t\u00eb tjera.<\/p><p>N\u00ebse m\u00ebsoni se informacioni personal q\u00eb mbajm\u00eb p\u00ebr ju \u00ebsht\u00eb i pasakt\u00eb, i paplot\u00eb ose jo i p\u00ebrdit\u00ebsuar, ju lutemi kontaktoni Kalyna Care q\u00eb t\u00eb mund t\u00eb p\u00ebrdit\u00ebsojm\u00eb menj\u00ebher\u00eb t\u00eb dh\u00ebnat tona.<\/p><p><strong>Si mund t\u00eb aksesoni dhe korrigjoni informacionin tuaj personal?<\/strong><\/p><p>Ju mund t\u00eb k\u00ebrkoni t\u00eb aksesoni dhe\/ose t\u00eb korrigjoni informacionin tuaj personal duke kontaktuar Kalyna Care<\/p><p>Kalyna Care mund t\u00eb mos jet\u00eb n\u00eb gjendje t&#039;ju jap\u00eb nj\u00eb kopje t\u00eb informacionit tuaj personal n\u00ebse:<\/p><ul><li>\u00ebsht\u00eb dh\u00ebn\u00eb n\u00eb m\u00ebnyr\u00eb anonime;<\/li><li>n\u00ebse informacioni p\u00ebrmban detaje p\u00ebr njer\u00ebzit e tjer\u00eb; ose<\/li><li>n\u00ebse do t\u00eb ishte e pasigurt dh\u00ebnia e informacionit personal sepse mund t\u00eb \u00e7oj\u00eb n\u00eb d\u00ebmtim t\u00eb nj\u00eb personi tjet\u00ebr.<\/li><\/ul><p><strong>Analiza<\/strong><\/p><p>P\u00ebr t\u00eb p\u00ebrmir\u00ebsuar p\u00ebrvoj\u00ebn tuaj n\u00eb faqen ton\u00eb, ne mund t\u00eb p\u00ebrdorim &#039;cookies&#039;. Cookies jan\u00eb nj\u00eb standard i industris\u00eb dhe shumica e faqeve t\u00eb internetit kryesore i p\u00ebrdorin ato.<\/p><p>Kur vizitoni k\u00ebt\u00eb faqe, Kalyna Care b\u00ebn nj\u00eb regjistrim t\u00eb vizit\u00ebs suaj dhe regjistron informacionin e m\u00ebposht\u00ebm p\u00ebr q\u00ebllime statistikore ose t\u00eb administrimit t\u00eb sistemeve:<\/p><ul><li>adres\u00ebn e serverit t\u00eb p\u00ebrdoruesit<\/li><li>emri i domenit t\u00eb nivelit t\u00eb lart\u00eb t\u00eb p\u00ebrdoruesit<\/li><li>dat\u00ebn dhe or\u00ebn e hyrjes n\u00eb sit<\/li><li>faqet e aksesuara dhe dokumentet e shkarkuara<\/li><li>faqja e m\u00ebparshme e vizituar<\/li><li>lloji i shfletuesit t\u00eb p\u00ebrdorur<\/li><\/ul><p>Ky informacion analizohet p\u00ebr t\u00eb treguar lidhjet e prishura n\u00eb faqen ton\u00eb t\u00eb internetit, pengesat dhe problemet e tjera t\u00eb sajtit. Ne e p\u00ebrdorim k\u00ebt\u00eb informacion p\u00ebr t\u00eb ruajtur faqen ton\u00eb p\u00ebr p\u00ebrdorimin tuaj efikas.<span class=\"Apple-converted-space\">\u00a0<\/span><\/p><p>Kalyna Care p\u00ebrdor cookie p\u00ebr t\u00eb mbajtur kontaktin me nj\u00eb p\u00ebrdorues p\u00ebrmes nj\u00eb sesioni n\u00eb uebsajt. Nj\u00eb skedar cookie \u00ebsht\u00eb nj\u00eb skedar i vog\u00ebl i ofruar nga Kalyna Care dhe ruhet nga softueri i shfletuesit t\u00eb internetit n\u00eb kompjuterin tuaj kur ju hyni n\u00eb faqen ton\u00eb. Cookies na lejojn\u00eb t&#039;ju njohim si p\u00ebrdorues individual t\u00eb internetit, nd\u00ebrsa ju shfletoni faqen ton\u00eb t\u00eb internetit.<\/p><p><strong>Privat\u00ebsia e cookies<\/strong><\/p><p>Nuk do t\u00eb b\u00ebhet asnj\u00eb p\u00ebrpjekje p\u00ebr t\u00eb identifikuar p\u00ebrdoruesit ose aktivitetet e tyre t\u00eb shfletimit, p\u00ebrve\u00e7 rasteve kur detyrohet ligj\u00ebrisht p\u00ebr ta b\u00ebr\u00eb k\u00ebt\u00eb, si p.sh. n\u00eb rast t\u00eb nj\u00eb hetimi, ku nj\u00eb agjenci e zbatimit t\u00eb ligjit mund t\u00eb ushtroj\u00eb nj\u00eb urdh\u00ebr p\u00ebr t\u00eb inspektuar skedar\u00ebt e regjistrit t\u00eb Ofruesit t\u00eb Sh\u00ebrbimit t\u00eb Internetit.<\/p><p>Faqja jon\u00eb e internetit p\u00ebrdor Google Analytics, nj\u00eb sh\u00ebrbim q\u00eb transmeton t\u00eb dh\u00ebnat e trafikut t\u00eb faqes n\u00eb internet te server\u00ebt e Google n\u00eb Shtetet e Bashkuara. Google Analytics nuk identifikon p\u00ebrdorues individual\u00eb ose nuk e lidh adres\u00ebn tuaj IP me ndonj\u00eb t\u00eb dh\u00ebn\u00eb tjet\u00ebr t\u00eb mbajtur nga Google. Ne p\u00ebrdorim raportet e ofruara nga Google Analytics p\u00ebr t\u00eb na ndihmuar t\u00eb kuptojm\u00eb trafikun e faqes n\u00eb internet dhe p\u00ebrdorimin e faqes s\u00eb internetit.<\/p><p>Duke p\u00ebrdorur k\u00ebt\u00eb faqe interneti, ju pranoni p\u00ebrpunimin e t\u00eb dh\u00ebnave p\u00ebr ju nga Google n\u00eb m\u00ebnyr\u00ebn e p\u00ebrshkruar n\u00eb politik\u00ebn e privat\u00ebsis\u00eb s\u00eb Google (sajti i jasht\u00ebm) dhe p\u00ebr q\u00ebllimet e p\u00ebrcaktuara m\u00eb sip\u00ebr. Mund t\u00eb t\u00ebrhiqesh nga Google Analytics n\u00ebse \u00e7aktivizon ose refuzon cookie-n, \u00e7aktivizon JavaScript ose p\u00ebrdor sh\u00ebrbimin e heqjes dor\u00eb t\u00eb ofruar nga Google (faqe e jashtme).<\/p><p><strong>Na kontaktoni<\/strong><\/p><p>N\u00ebse keni ide se si mund t\u00eb p\u00ebrmir\u00ebsojm\u00eb p\u00ebrmbajtjen dhe p\u00ebrdorshm\u00ebrin\u00eb e k\u00ebsaj faqeje interneti, ose keni nj\u00eb ankes\u00eb ose shqet\u00ebsim p\u00ebr privat\u00ebsin\u00eb, mund t\u00eb na kontaktoni p\u00ebrmes faqes Na kontaktoni.<\/p><p>P\u00ebrgatitur m\u00eb 22.11.2021.<\/p>\t\t\t\t\t\t\t\t<\/div>\n\t\t\t\t<\/div>\n\t\t\t\t\t<\/div>\n\t\t<\/div>\n\t\t\t\t\t<\/div>\n\t\t<\/section>\n\t\t\t\t<\/div>","protected":false},"excerpt":{"rendered":"<p>Privacy Policy This Privacy Policy explains how Kalyna Care will handle your, and other people\u2019s, personal information. Personal information Personal information collected may include your name, address, date of birth, gender, email address, phone number, some medical history, information about your illnesses, symptoms, disabilities, your ethnic background and sexual practice (if relevant to your health [&hellip;]<\/p>\n","protected":false},"author":1,"featured_media":2705,"parent":0,"menu_order":0,"comment_status":"closed","ping_status":"open","template":"","meta":{"_seopress_robots_primary_cat":"","_seopress_titles_title":"","_seopress_titles_desc":"This Privacy Policy explains how Kalyna Care will handle your, and other people\u2019s, personal information.","_seopress_robots_index":"","footnotes":""},"class_list":["post-3","page","type-page","status-publish","has-post-thumbnail","hentry"],"_links":{"self":[{"href":"https:\/\/kalynacare.com.au\/sq\/wp-json\/wp\/v2\/pages\/3","targetHints":{"allow":["GET"]}}],"collection":[{"href":"https:\/\/kalynacare.com.au\/sq\/wp-json\/wp\/v2\/pages"}],"about":[{"href":"https:\/\/kalynacare.com.au\/sq\/wp-json\/wp\/v2\/types\/page"}],"author":[{"embeddable":true,"href":"https:\/\/kalynacare.com.au\/sq\/wp-json\/wp\/v2\/users\/1"}],"replies":[{"embeddable":true,"href":"https:\/\/kalynacare.com.au\/sq\/wp-json\/wp\/v2\/comments?post=3"}],"version-history":[{"count":5,"href":"https:\/\/kalynacare.com.au\/sq\/wp-json\/wp\/v2\/pages\/3\/revisions"}],"predecessor-version":[{"id":3670,"href":"https:\/\/kalynacare.com.au\/sq\/wp-json\/wp\/v2\/pages\/3\/revisions\/3670"}],"wp:featuredmedia":[{"embeddable":true,"href":"https:\/\/kalynacare.com.au\/sq\/wp-json\/wp\/v2\/media\/2705"}],"wp:attachment":[{"href":"https:\/\/kalynacare.com.au\/sq\/wp-json\/wp\/v2\/media?parent=3"}],"curies":[{"name":"wp","href":"https:\/\/api.w.org\/{rel}","templated":true}]}}