{"id":3,"date":"2021-11-03T23:53:39","date_gmt":"2021-11-03T23:53:39","guid":{"rendered":"http:\/\/evergreenamdigital.com.au\/kalynacare\/?page_id=3"},"modified":"2021-12-08T02:49:54","modified_gmt":"2021-12-08T02:49:54","slug":"privacy-policy","status":"publish","type":"page","link":"https:\/\/kalynacare.com.au\/tr\/privacy-policy\/","title":{"rendered":"Gizlilik Politikas\u0131"},"content":{"rendered":"<div data-elementor-type=\"wp-page\" data-elementor-id=\"3\" class=\"elementor elementor-3\" data-elementor-post-type=\"page\">\n\t\t\t\t\t\t<section class=\"elementor-section elementor-top-section elementor-element elementor-element-45a89c85 elementor-section-boxed elementor-section-height-default elementor-section-height-default\" data-id=\"45a89c85\" data-element_type=\"section\" data-e-type=\"section\">\n\t\t\t\t\t\t<div class=\"elementor-container elementor-column-gap-default\">\n\t\t\t\t\t<div class=\"elementor-column elementor-col-100 elementor-top-column elementor-element elementor-element-1c3e1980\" data-id=\"1c3e1980\" data-element_type=\"column\" data-e-type=\"column\">\n\t\t\t<div class=\"elementor-widget-wrap elementor-element-populated\">\n\t\t\t\t\t\t<div class=\"elementor-element elementor-element-d32565b elementor-widget elementor-widget-heading\" data-id=\"d32565b\" data-element_type=\"widget\" data-e-type=\"widget\" data-widget_type=\"heading.default\">\n\t\t\t\t<div class=\"elementor-widget-container\">\n\t\t\t\t\t<h1 class=\"elementor-heading-title elementor-size-default\">Gizlilik Politikas\u0131<\/h1>\t\t\t\t<\/div>\n\t\t\t\t<\/div>\n\t\t\t\t<div class=\"elementor-element elementor-element-50d59a14 elementor-widget elementor-widget-text-editor\" data-id=\"50d59a14\" data-element_type=\"widget\" data-e-type=\"widget\" data-widget_type=\"text-editor.default\">\n\t\t\t\t<div class=\"elementor-widget-container\">\n\t\t\t\t\t\t\t\t\t<p>Bu Gizlilik Politikas\u0131, Kalyna Care&#039;in sizin ve di\u011fer ki\u015filerin ki\u015fisel bilgilerini nas\u0131l ele alaca\u011f\u0131n\u0131 a\u00e7\u0131klar.<\/p><p><strong>Ki\u015fisel bilgi<\/strong><\/p><p>Toplanan ki\u015fisel bilgiler aras\u0131nda ad\u0131n\u0131z\u0131, adresinizi, do\u011fum tarihinizi, cinsiyetinizi, e-posta adresinizi, telefon numaran\u0131z\u0131, baz\u0131 t\u0131bbi ge\u00e7mi\u015finizi, hastal\u0131klar\u0131n\u0131z, semptomlar\u0131n\u0131z, engelleriniz, etnik ge\u00e7mi\u015finiz ve cinsel uygulaman\u0131z (sa\u011fl\u0131\u011f\u0131n\u0131z veya sa\u011fl\u0131k durumunuzla ilgiliyse) hakk\u0131nda bilgiler yer alabilir. hizmetler) ve size sunabilmemiz i\u00e7in gereken di\u011fer bilgiler:<\/p><p>(a) ya\u015fl\u0131 bak\u0131m\u0131yla ilgili bilgi veya hizmetler;<\/p><p>(b) bir sa\u011fl\u0131k hizmeti (bir yard\u0131mc\u0131 sa\u011fl\u0131k hizmeti dahil); ve\/veya<\/p><p>(c) bir ya\u015fl\u0131 bak\u0131m\u0131 hizmeti sa\u011flay\u0131c\u0131s\u0131 (topluca &#039;Hizmetler&#039; olarak an\u0131lacakt\u0131r).<\/p><p>Sa\u011fl\u0131k bilgileri gibi toplanan bilgilerin bir k\u0131sm\u0131, Gizlilik Yasas\u0131 taraf\u0131ndan tan\u0131mland\u0131\u011f\u0131 \u015fekilde &#039;hassas bilgiler&#039; olacakt\u0131r.<\/p><p><strong>Ki\u015fisel bilgilerinizi nas\u0131l topluyoruz?<\/strong><\/p><p>Ki\u015fisel bilgiler, siz veya sizin ad\u0131n\u0131za biri, hizmetlere eri\u015fmek veya hizmetler hakk\u0131nda bilgi talep etmek, bir e-posta, faks, mektup g\u00f6ndermek veya \u00e7evrimi\u00e7i veya bas\u0131l\u0131 bir formu doldurmak i\u00e7in Kalyna Care ile ileti\u015fime ge\u00e7ti\u011finizde toplanabilir.<\/p><p>Ki\u015fisel bilgilerinizi bize vererek (sa\u011fl\u0131k ve t\u0131bbi bilgileriniz gibi sizinle ilgili her t\u00fcrl\u00fc hassas bilgi dahil), Kalyna Care&#039;in bu Gizlilik Politikas\u0131nda a\u00e7\u0131kland\u0131\u011f\u0131 \u015fekilde bu bilgileri toplamas\u0131na, kullanmas\u0131na, if\u015fa etmesine ve i\u015flemesine izin vermi\u015f oluyorsunuz. Bilgileri kime a\u00e7\u0131klad\u0131\u011f\u0131m\u0131z hakk\u0131nda daha fazla bilgi a\u015fa\u011f\u0131dad\u0131r.<\/p><p>Kalyna Care ayr\u0131ca gelecekte size sa\u011flanacak sa\u011fl\u0131k hizmetleri ile ilgili bilgileri veya hizmetlerin gelecekte sunulmas\u0131 ile ilgili isteklerinizi de kaydedebilir.<\/p><p>Kalyna Care, size ihtiyac\u0131n\u0131z olan hizmetleri sa\u011flamak veya bilgilerinizi g\u00fcncellemek i\u00e7in \u00fc\u00e7\u00fcnc\u00fc bir taraftan sizinle ilgili ki\u015fisel bilgiler toplayabilir. \u00d6rne\u011fin, bu bir GP&#039;den olabilir,<span class=\"Apple-converted-space\">\u00a0 <\/span>sizi de\u011ferlendirme veya ya\u015fl\u0131 bak\u0131m\u0131 hizmetleri i\u00e7in sevk eden bir de\u011ferlendirme \u00e7al\u0131\u015fan\u0131 veya di\u011fer herhangi bir sa\u011fl\u0131k uzman\u0131. Kalyna Care ayr\u0131ca bir aile \u00fcyesinden, arkada\u015f\u0131n\u0131zdan veya sizin ad\u0131n\u0131za bizimle ileti\u015fime ge\u00e7en ba\u015fka bir ki\u015fiden de hakk\u0131n\u0131zda bilgi toplayabilir.<\/p><p>Kalyna Care, ki\u015fisel bilgilerinizi bir ba\u015fkas\u0131ndan al\u0131rsa, a\u015fa\u011f\u0131dakiler i\u00e7in makul ad\u0131mlar at\u0131lacakt\u0131r:<\/p><ul><li>ki\u015fisel bilgilerinizi toplamam\u0131za izin verdi\u011finizi teyit edin; ve<\/li><li>Ki\u015fisel bilgilerin (gizlilik yasas\u0131 kapsam\u0131ndaki di\u011fer baz\u0131 konularda size bilgi verilmesi dahil) topland\u0131\u011f\u0131n\u0131 ve al\u0131naca\u011f\u0131n\u0131 size bildirmek.<\/li><li>Ba\u015fka bir ki\u015finin ki\u015fisel bilgilerini bize if\u015fa ederseniz (\u00f6rne\u011fin, ba\u015fka bir ki\u015finin sa\u011fl\u0131\u011f\u0131 ve t\u0131bbi ayr\u0131nt\u0131lar\u0131yla ilgili hassas bilgiler), bu ki\u015fisel bilgileri bize verirken \u015funlar\u0131 kabul edersiniz:<\/li><li>bu Gizlilik Politikas\u0131n\u0131 o ki\u015finin dikkatine \u00e7ektiniz;<\/li><li>o ki\u015fi, ki\u015fisel bilgilerini bize vermenizi kabul etti; ve<\/li><li>bu ki\u015fi, ki\u015fisel bilgilerini bu Gizlilik Politikas\u0131nda a\u00e7\u0131kland\u0131\u011f\u0131 \u015fekilde kullanabilece\u011fimizi, if\u015fa edebilece\u011fimizi ve y\u00f6netebilece\u011fimizi anlar ve kabul eder.<\/li><\/ul><p>Kalyna Care ile ba\u015fka bir ki\u015fi ad\u0131na ileti\u015fim kuruyorsan\u0131z, ad\u0131n\u0131z, ileti\u015fim bilgileriniz ve y\u00f6nlendirilen ki\u015fiyle ili\u015fkiniz dahil olmak \u00fczere sizinle ilgili baz\u0131 ki\u015fisel bilgileri de toplayaca\u011f\u0131z.<\/p><p><strong>Ki\u015fisel bilgilerinizle ne yapaca\u011f\u0131z?<\/strong><\/p><p>Kalyna Care, a\u015fa\u011f\u0131dakiler dahil olmak \u00fczere ki\u015fisel bilgileri toplayacak, tutacak, kullanacak ve if\u015fa edecektir:<\/p><p>Hizmetlerin sa\u011flanmas\u0131yla ilgili \u015fikayetlerin y\u00f6netilmesi (gizlilik \u015fikayetleri veya Ya\u015fl\u0131 Bak\u0131m\u0131 Kalite ve G\u00fcvenlik Komisyonuna yap\u0131lan \u015fikayetler dahil ancak bunlarla s\u0131n\u0131rl\u0131 olmamak \u00fczere) dahil olmak \u00fczere, Hizmetlerin size sunulmas\u0131n\u0131 d\u00fczenlemek, kolayla\u015ft\u0131rmak veya yard\u0131mc\u0131 olmak yasal y\u00fck\u00fcml\u00fcl\u00fcklerimize uyan k\u0131demli Avustralyal\u0131lar i\u00e7in ilgili destek ve bak\u0131m hizmetleri hakk\u0131nda ve bunlara eri\u015fimi desteklemek.<\/p><p><strong>Ki\u015fisel bilgilerinizin kimlerle payla\u015f\u0131labilece\u011fi<\/strong><\/p><p>Bilgilerinizi ayr\u0131ca aile \u00fcyeniz, arkada\u015f\u0131n\u0131z veya size bak\u0131m sa\u011flayan di\u011fer ki\u015filerle (ki\u015fisel bilgilerinizi almaya yetkileri varsa) payla\u015fabiliriz. Yetersiz hale gelmeniz durumunda ki\u015fisel bilgilerinizi i\u015flerinizi y\u00fcr\u00fctmeye yetkili birine if\u015fa edebiliriz.<\/p><p>Kalyna Care, uygun bir sa\u011fl\u0131k m\u00fcdahalesinin sa\u011flanabilmesi i\u00e7in ulusal veya yasal bir sa\u011fl\u0131k felaketi durumunda ilgili bilgileri sa\u011fl\u0131k hizmetleri ve\/veya devlet kurumlar\u0131yla payla\u015facakt\u0131r.<\/p><p>Kalyna Care, Hizmetlerden memnuniyetiniz hakk\u0131nda geri bildirim almak i\u00e7in sizinle ileti\u015fime ge\u00e7ebilir. E-posta adresiniz yaln\u0131zca sa\u011flad\u0131\u011f\u0131n\u0131z ama\u00e7 i\u00e7in kullan\u0131lacakt\u0131r.<\/p><p>Kalyna Care, izniniz olmadan sizi hi\u00e7bir e-posta listesine eklemeyecek ve e-posta adresinizi, yetkiniz veya kanunen gerekli olmad\u0131k\u00e7a, izniniz olmadan ba\u015fka herhangi bir ama\u00e7la kullanmayacak veya if\u015fa etmeyecektir.<\/p><p>Kalyna Care, ki\u015fisel bilgilerinizi, bu gizlilik politikas\u0131nda a\u00e7\u0131klananlar d\u0131\u015f\u0131nda, sizin izniniz olmadan genel olarak kimseye if\u015fa etmeyecektir.<\/p><p>Kalyna Care ayr\u0131ca a\u015fa\u011f\u0131daki durumlarda ki\u015fisel bilgilerinizi if\u015fa edebilir:<\/p><ul><li>if\u015fa etmek i\u00e7in yasalarca yetkilendirilmi\u015f veya zorunlu tutulmu\u015f durumday\u0131z.<span class=\"Apple-converted-space\">\u00a0<\/span><\/li><li>birinin ya\u015fam\u0131, sa\u011fl\u0131\u011f\u0131 veya g\u00fcvenli\u011fine y\u00f6nelik ciddi bir tehdidi veya halk sa\u011fl\u0131\u011f\u0131 veya g\u00fcvenli\u011fine y\u00f6nelik bir tehdidi \u00f6nleyecek veya azaltacakt\u0131r.<\/li><li>salg\u0131nlar\u0131 tan\u0131mlayan bir erken uyar\u0131 sistemi olarak kal\u0131plar\u0131n ortaya \u00e7\u0131k\u0131p \u00e7\u0131kmad\u0131\u011f\u0131n\u0131 g\u00f6rmek i\u00e7in semptomlar\u0131n co\u011frafi olarak haritaland\u0131r\u0131ld\u0131\u011f\u0131 halk sa\u011fl\u0131\u011f\u0131 s\u00fcrveyans\u0131 i\u00e7in gereklidir<\/li><li>yasal bir iddian\u0131n olu\u015fturulmas\u0131 veya savunulmas\u0131n\u0131n bir par\u00e7as\u0131 olarak gerekliyse<\/li><li>polis gibi bir icra dairesi taraf\u0131ndan talep edilir<\/li><li>bir \u015fikayet veya olaydan sonra soru\u015fturman\u0131n gerekli bir par\u00e7as\u0131d\u0131r<\/li><li>web sitesi hizmet sa\u011flay\u0131c\u0131s\u0131nda bir de\u011fi\u015fiklik varsa, bu durumda ki\u015fisel bilgilerinizi yeni bir benzer hizmet sa\u011flay\u0131c\u0131ya if\u015fa edebiliriz.<\/li><\/ul><p>Ki\u015fisel bilgilerinizi \u00fc\u00e7\u00fcnc\u00fc taraflara if\u015fa etti\u011fimizde, yaln\u0131zca ilgili bilgileri if\u015fa etti\u011fimizden ve bunlar\u0131n do\u011fru, eksiksiz ve g\u00fcncel oldu\u011fundan emin olmak i\u00e7in t\u00fcm makul \u00e7abay\u0131 g\u00f6steriyoruz.<\/p><p>Ki\u015fisel bilgilerinizi kimseye satmayaca\u011f\u0131z veya kiralamayaca\u011f\u0131z ve bizden talep etmedi\u011finiz s\u00fcrece bilgilerinizi yurt d\u0131\u015f\u0131na aktarmayaca\u011f\u0131z.<\/p><p><strong>Ki\u015fisel bilgilerinizi nas\u0131l koruyoruz?<\/strong><\/p><p>Kalyna Care, ki\u015fisel bilgilerinizi k\u00f6t\u00fcye kullan\u0131m ve kay\u0131ptan ve yetkisiz eri\u015fim, de\u011fi\u015fiklik veya if\u015fadan korumak i\u00e7in sistemlere ve prosed\u00fcrlere sahiptir.<\/p><p>Web Sitesi, ileri d\u00fczeyde bir site g\u00fcvenli\u011fi i\u00e7in test edilmi\u015ftir. Bununla birlikte, kullan\u0131c\u0131lara, bir web sitesine veya bir web sitesinden g\u00f6nderilen bilgilerin \u00fc\u00e7\u00fcnc\u00fc \u015fah\u0131slar taraf\u0131ndan ele ge\u00e7irilme, bozulma veya de\u011fi\u015ftirilme riski de dahil olmak \u00fczere, internet \u00fczerinden bilgi aktarman\u0131n do\u011fas\u0131nda bulunan riskler oldu\u011fu konusunda tavsiye edilir. Herhangi bir g\u00fcvenlik endi\u015feniz varsa veya ba\u015fka yollarla (\u00f6rne\u011fin telefon veya ka\u011f\u0131t yoluyla) ki\u015fisel bilgi vermek istiyorsan\u0131z, 03 9116 4100 numaral\u0131 telefondan Kalyna Care ile ileti\u015fime ge\u00e7ebilirsiniz.<\/p><p><strong>Ki\u015fisel bilgilerinizi nas\u0131l sakl\u0131yoruz ve koruyoruz?<\/strong><\/p><p>Kalyna Care, Hizmetleri her kulland\u0131\u011f\u0131n\u0131zda ve di\u011fer kaynaklardan gelen bilgileri sizinle birlikte do\u011frulamak da dahil olmak \u00fczere, ki\u015fisel bilgilerinizin kay\u0131tlar\u0131n\u0131n do\u011fru, eksiksiz ve g\u00fcncel kalmas\u0131n\u0131 sa\u011flamak i\u00e7in y\u00fcr\u00fcrl\u00fckte olan s\u00fcre\u00e7lere sahiptir.<\/p><p>Hakk\u0131n\u0131zda tuttu\u011fumuz ki\u015fisel bilgilerin yanl\u0131\u015f, eksik veya g\u00fcncel olmad\u0131\u011f\u0131n\u0131 \u00f6\u011frenirseniz, kay\u0131tlar\u0131m\u0131z\u0131 hemen g\u00fcncelleyebilmemiz i\u00e7in l\u00fctfen Kalyna Care ile ileti\u015fime ge\u00e7in.<\/p><p><strong>Ki\u015fisel bilgilerinize nas\u0131l eri\u015febilir ve bunlar\u0131 d\u00fczeltebilirsiniz?<\/strong><\/p><p>Kalyna Care ile ileti\u015fime ge\u00e7erek ki\u015fisel bilgilerinize eri\u015fmeyi ve\/veya d\u00fczeltmeyi isteyebilirsiniz.<\/p><p>Kalyna Care, a\u015fa\u011f\u0131daki durumlarda ki\u015fisel bilgilerinizin bir kopyas\u0131n\u0131 size veremeyebilir:<\/p><ul><li>anonim olarak sa\u011fland\u0131;<\/li><li>bilgiler di\u011fer ki\u015filer hakk\u0131nda ayr\u0131nt\u0131lar i\u00e7eriyorsa; veya<\/li><li>Ba\u015fka bir ki\u015fiye zarar verilmesine yol a\u00e7abilece\u011fi i\u00e7in ki\u015fisel bilgilerin sa\u011flanmas\u0131 g\u00fcvenli de\u011filse.<\/li><\/ul><p><strong>Analitik<\/strong><\/p><p>Sitemizdeki deneyiminizi geli\u015ftirmek i\u00e7in &#039;\u00e7erezler&#039; kullanabiliriz. Tan\u0131mlama bilgileri bir end\u00fcstri standard\u0131d\u0131r ve \u00e7o\u011fu b\u00fcy\u00fck web sitesi bunlar\u0131 kullan\u0131r.<\/p><p>Bu siteyi ziyaret etti\u011finizde, Kalyna Care ziyaretinizin kayd\u0131n\u0131 tutar ve istatistiksel veya sistem y\u00f6netimi ama\u00e7lar\u0131yla a\u015fa\u011f\u0131daki bilgileri g\u00fcnl\u00fc\u011fe kaydeder:<\/p><ul><li>kullan\u0131c\u0131n\u0131n sunucu adresi<\/li><li>kullan\u0131c\u0131n\u0131n \u00fcst d\u00fczey alan ad\u0131<\/li><li>siteye eri\u015fim tarihi ve saati<\/li><li>eri\u015filen sayfalar ve indirilen belgeler<\/li><li>\u00f6nceki site ziyaret edildi<\/li><li>kullan\u0131lan taray\u0131c\u0131 t\u00fcr\u00fc<\/li><\/ul><p>Bu bilgiler, web sitemizdeki bozuk ba\u011flant\u0131lar\u0131, darbo\u011fazlar\u0131 ve di\u011fer site sorunlar\u0131n\u0131 g\u00f6stermek i\u00e7in analiz edilir. Bu bilgileri, verimli kullan\u0131m\u0131n\u0131z i\u00e7in sitemizi korumak i\u00e7in kullan\u0131r\u0131z.<span class=\"Apple-converted-space\">\u00a0<\/span><\/p><p>Kalyna Care, bir web sitesi oturumu arac\u0131l\u0131\u011f\u0131yla bir kullan\u0131c\u0131yla temas\u0131 s\u00fcrd\u00fcrmek i\u00e7in tan\u0131mlama bilgilerini kullan\u0131r. \u00c7erez, Kalyna Care taraf\u0131ndan sa\u011flanan ve sitemize eri\u015fti\u011finizde bilgisayar\u0131n\u0131zda web taray\u0131c\u0131 yaz\u0131l\u0131m\u0131 taraf\u0131ndan saklanan k\u00fc\u00e7\u00fck bir dosyad\u0131r. \u00c7erezler, web sitemizde gezinirken sizi bireysel bir web kullan\u0131c\u0131s\u0131 olarak tan\u0131mam\u0131z\u0131 sa\u011flar.<\/p><p><strong>\u00c7erez gizlili\u011fi<\/strong><\/p><p>Bir kolluk kuvvetinin \u0130nternet Servis Sa\u011flay\u0131c\u0131s\u0131n\u0131n g\u00fcnl\u00fck dosyalar\u0131n\u0131 incelemek i\u00e7in bir emir uygulayabilece\u011fi bir soru\u015fturma durumunda oldu\u011fu gibi, yasal olarak zorunlu olmad\u0131k\u00e7a, kullan\u0131c\u0131lar\u0131 veya tarama faaliyetlerini tan\u0131mlamaya y\u00f6nelik hi\u00e7bir giri\u015fimde bulunulmayacakt\u0131r.<\/p><p>Web sitemiz, web sitesi trafik verilerini Amerika Birle\u015fik Devletleri&#039;ndeki Google sunucular\u0131na ileten bir hizmet olan Google Analytics&#039;i kullan\u0131r. Google Analytics, bireysel kullan\u0131c\u0131lar\u0131 tan\u0131mlamaz veya IP adresinizi Google taraf\u0131ndan tutulan di\u011fer verilerle ili\u015fkilendirmez. Web sitesi trafi\u011fini ve web sayfas\u0131 kullan\u0131m\u0131n\u0131 anlamam\u0131za yard\u0131mc\u0131 olmas\u0131 i\u00e7in Google Analytics taraf\u0131ndan sa\u011flanan raporlar\u0131 kullan\u0131r\u0131z.<\/p><p>Bu web sitesini kullanarak, Google&#039;\u0131n gizlilik politikas\u0131nda (harici site) a\u00e7\u0131klanan \u015fekilde ve yukar\u0131da belirtilen ama\u00e7lar i\u00e7in sizinle ilgili verilerin Google taraf\u0131ndan i\u015flenmesine izin vermi\u015f olursunuz. \u00c7erezleri devre d\u0131\u015f\u0131 b\u0131rak\u0131rsan\u0131z veya reddederseniz, JavaScript&#039;i devre d\u0131\u015f\u0131 b\u0131rak\u0131rsan\u0131z veya Google taraf\u0131ndan sa\u011flanan devre d\u0131\u015f\u0131 b\u0131rakma hizmetini (harici site) kullan\u0131rsan\u0131z Google Analytics&#039;ten \u00e7\u0131kabilirsiniz.<\/p><p><strong>Bize Ula\u015f\u0131n<\/strong><\/p><p>Bu web sitesinin i\u00e7eri\u011fini ve kullan\u0131labilirli\u011fini nas\u0131l iyile\u015ftirebilece\u011fimize dair fikirleriniz varsa veya bir gizlilik \u015fikayetiniz veya endi\u015feniz varsa, Bize Ula\u015f\u0131n sayfas\u0131ndan bizimle ileti\u015fime ge\u00e7ebilirsiniz.<\/p><p>22.11.2021 tarihi itibariyle haz\u0131rlanm\u0131\u015ft\u0131r.<\/p>\t\t\t\t\t\t\t\t<\/div>\n\t\t\t\t<\/div>\n\t\t\t\t\t<\/div>\n\t\t<\/div>\n\t\t\t\t\t<\/div>\n\t\t<\/section>\n\t\t\t\t<\/div>","protected":false},"excerpt":{"rendered":"<p>Privacy Policy This Privacy Policy explains how Kalyna Care will handle your, and other people\u2019s, personal information. Personal information Personal information collected may include your name, address, date of birth, gender, email address, phone number, some medical history, information about your illnesses, symptoms, disabilities, your ethnic background and sexual practice (if relevant to your health [&hellip;]<\/p>\n","protected":false},"author":1,"featured_media":2705,"parent":0,"menu_order":0,"comment_status":"closed","ping_status":"open","template":"","meta":{"_seopress_robots_primary_cat":"","_seopress_titles_title":"","_seopress_titles_desc":"This Privacy Policy explains how Kalyna Care will handle your, and other people\u2019s, personal information.","_seopress_robots_index":"","footnotes":""},"class_list":["post-3","page","type-page","status-publish","has-post-thumbnail","hentry"],"_links":{"self":[{"href":"https:\/\/kalynacare.com.au\/tr\/wp-json\/wp\/v2\/pages\/3","targetHints":{"allow":["GET"]}}],"collection":[{"href":"https:\/\/kalynacare.com.au\/tr\/wp-json\/wp\/v2\/pages"}],"about":[{"href":"https:\/\/kalynacare.com.au\/tr\/wp-json\/wp\/v2\/types\/page"}],"author":[{"embeddable":true,"href":"https:\/\/kalynacare.com.au\/tr\/wp-json\/wp\/v2\/users\/1"}],"replies":[{"embeddable":true,"href":"https:\/\/kalynacare.com.au\/tr\/wp-json\/wp\/v2\/comments?post=3"}],"version-history":[{"count":5,"href":"https:\/\/kalynacare.com.au\/tr\/wp-json\/wp\/v2\/pages\/3\/revisions"}],"predecessor-version":[{"id":3670,"href":"https:\/\/kalynacare.com.au\/tr\/wp-json\/wp\/v2\/pages\/3\/revisions\/3670"}],"wp:featuredmedia":[{"embeddable":true,"href":"https:\/\/kalynacare.com.au\/tr\/wp-json\/wp\/v2\/media\/2705"}],"wp:attachment":[{"href":"https:\/\/kalynacare.com.au\/tr\/wp-json\/wp\/v2\/media?parent=3"}],"curies":[{"name":"wp","href":"https:\/\/api.w.org\/{rel}","templated":true}]}}